{"id":60,"date":"2018-01-24T12:41:17","date_gmt":"2018-01-24T11:41:17","guid":{"rendered":"https:\/\/aeronautica.be\/?page_id=60"},"modified":"2019-09-04T18:32:50","modified_gmt":"2019-09-04T16:32:50","slug":"dessinateur","status":"publish","type":"page","link":"https:\/\/aeronautica.be\/nl\/dessinateur\/","title":{"rendered":"Ontwerper"},"content":{"rendered":"<div class=\"job_listings\" data-location=\"\" data-keywords=\"\" data-show_filters=\"false\" data-show_pagination=\"true\" data-per_page=\"10\" data-orderby=\"featured\" data-order=\"DESC\" data-categories=\"dessinateur\" data-disable-form-state-storage=\"\" data-featured_first=\"false\" data-post_id=\"1900\" ><ul class=\"job_listings\">\n<li class=\"post-4070 job_listing type-job_listing status-publish hentry\" data-longitude=\"\" data-latitude=\"\">\n\t<a href=\"https:\/\/aeronautica.be\/nl\/vacature\/dessinateur-trice-industriel-2d-et-3d-h-f-x-secteur-machines\/\">\n\t\t<img decoding=\"async\" class=\"company_logo\" src=\"https:\/\/aeronautica.be\/wp-content\/plugins\/wp-job-manager\/assets\/images\/company.png\" alt=\"\" \/>\t\t<div class=\"position\">\n\t\t\t<h3>Dessinateur-trice Industriel 2D et 3D (H\/F\/X) &#8211; Secteur Machines<\/h3>\n\t\t\t<div class=\"company\">\n\t\t\t\t\t\t\t\t\t\t\t<\/div>\n\t\t<\/div>\n\t\t<div class=\"location\">\n\t\t\tCharleroi\t\t<\/div>\n\t\t<ul class=\"meta\">\n\t\t\t\n\t\t\t\t\t\t\t\t\t\t\t\t\t\t\n\t\t\t<li class=\"date\"><time datetime=\"2024-02-20\">2 jaar geleden geplaatst<\/time><\/li>\n\n\t\t\t\t\t<\/ul>\n\t<\/a>\n<\/li>\n<li class=\"post-3968 job_listing type-job_listing status-publish hentry\" data-longitude=\"\" data-latitude=\"\">\n\t<a href=\"https:\/\/aeronautica.be\/nl\/vacature\/ingenieur-rd-mecanique-secteur-metallique\/\">\n\t\t<img decoding=\"async\" class=\"company_logo\" src=\"https:\/\/aeronautica.be\/wp-content\/plugins\/wp-job-manager\/assets\/images\/company.png\" alt=\"\" \/>\t\t<div class=\"position\">\n\t\t\t<h3>Ing\u00e9nieur R&amp;D M\u00e9canique &#8211; Secteur M\u00e9tallique<\/h3>\n\t\t\t<div class=\"company\">\n\t\t\t\t\t\t\t\t\t\t\t<\/div>\n\t\t<\/div>\n\t\t<div class=\"location\">\n\t\t\tMons\t\t<\/div>\n\t\t<ul class=\"meta\">\n\t\t\t\n\t\t\t\t\t\t\t\t\t\t\t\t\t\t\n\t\t\t<li class=\"date\"><time datetime=\"2024-02-01\">2 jaar geleden geplaatst<\/time><\/li>\n\n\t\t\t\t\t<\/ul>\n\t<\/a>\n<\/li>\n<li class=\"post-3966 job_listing type-job_listing status-publish hentry\" data-longitude=\"\" data-latitude=\"\">\n\t<a href=\"https:\/\/aeronautica.be\/nl\/vacature\/dessinateur-mecanique-secteur-metallique\/\">\n\t\t<img decoding=\"async\" class=\"company_logo\" src=\"https:\/\/aeronautica.be\/wp-content\/plugins\/wp-job-manager\/assets\/images\/company.png\" alt=\"\" \/>\t\t<div class=\"position\">\n\t\t\t<h3>Dessinateur M\u00e9canique &#8211; Secteur M\u00e9tallique<\/h3>\n\t\t\t<div class=\"company\">\n\t\t\t\t\t\t\t\t\t\t\t<\/div>\n\t\t<\/div>\n\t\t<div class=\"location\">\n\t\t\tMons\t\t<\/div>\n\t\t<ul class=\"meta\">\n\t\t\t\n\t\t\t\t\t\t\t\t\t\t\t\t\t\t\n\t\t\t<li class=\"date\"><time datetime=\"2024-02-01\">2 jaar geleden geplaatst<\/time><\/li>\n\n\t\t\t\t\t<\/ul>\n\t<\/a>\n<\/li>\n<li class=\"post-3651 job_listing type-job_listing status-publish hentry\" data-longitude=\"\" data-latitude=\"\">\n\t<a href=\"https:\/\/aeronautica.be\/nl\/vacature\/dessinateur-layout-secteur-energie-2\/\">\n\t\t<img decoding=\"async\" class=\"company_logo\" src=\"https:\/\/aeronautica.be\/wp-content\/plugins\/wp-job-manager\/assets\/images\/company.png\" alt=\"\" \/>\t\t<div class=\"position\">\n\t\t\t<h3>Dessinateur Layout &#8211; Secteur Energie<\/h3>\n\t\t\t<div class=\"company\">\n\t\t\t\t\t\t\t\t\t\t\t<\/div>\n\t\t<\/div>\n\t\t<div class=\"location\">\n\t\t\tLi\u00e8ge\t\t<\/div>\n\t\t<ul class=\"meta\">\n\t\t\t\n\t\t\t\t\t\t\t\t\t\t\t\t\t\t\n\t\t\t<li class=\"date\"><time datetime=\"2023-12-05\">2 jaar geleden geplaatst<\/time><\/li>\n\n\t\t\t\t\t<\/ul>\n\t<\/a>\n<\/li>\n<li class=\"post-2137 job_listing type-job_listing status-publish hentry\" data-longitude=\"\" data-latitude=\"\">\n\t<a href=\"https:\/\/aeronautica.be\/nl\/vacature\/ingenieur-projets-techniques-secteur-industriel\/\">\n\t\t<img decoding=\"async\" class=\"company_logo\" src=\"https:\/\/aeronautica.be\/wp-content\/plugins\/wp-job-manager\/assets\/images\/company.png\" alt=\"\" \/>\t\t<div class=\"position\">\n\t\t\t<h3>Ing\u00e9nieur Projets Techniques &#8211; Secteur Industriel<\/h3>\n\t\t\t<div class=\"company\">\n\t\t\t\t\t\t\t\t\t\t\t<\/div>\n\t\t<\/div>\n\t\t<div class=\"location\">\n\t\t\tCharleroi\t\t<\/div>\n\t\t<ul class=\"meta\">\n\t\t\t\n\t\t\t\t\t\t\t\t\t\t\t\t\t\t\n\t\t\t<li class=\"date\"><time datetime=\"2023-08-08\">3 jaar geleden geplaatst<\/time><\/li>\n\n\t\t\t\t\t<\/ul>\n\t<\/a>\n<\/li>\n<li class=\"post-2018 job_listing type-job_listing status-publish hentry\" data-longitude=\"\" data-latitude=\"\">\n\t<a href=\"https:\/\/aeronautica.be\/nl\/vacature\/ingenieure-concepteurtrice-electronique-secteur-mecanique-2\/\">\n\t\t<img decoding=\"async\" class=\"company_logo\" src=\"https:\/\/aeronautica.be\/wp-content\/plugins\/wp-job-manager\/assets\/images\/company.png\" alt=\"\" \/>\t\t<div class=\"position\">\n\t\t\t<h3>Ing\u00e9nieur(e) Concepteur(trice) Electronique &#8211; Secteur M\u00e9canique<\/h3>\n\t\t\t<div class=\"company\">\n\t\t\t\t\t\t\t\t\t\t\t<\/div>\n\t\t<\/div>\n\t\t<div class=\"location\">\n\t\t\tMons\t\t<\/div>\n\t\t<ul class=\"meta\">\n\t\t\t\n\t\t\t\t\t\t\t\t\t\t\t\t\t\t\n\t\t\t<li class=\"date\"><time datetime=\"2023-04-25\">3 jaar geleden geplaatst<\/time><\/li>\n\n\t\t\t\t\t<\/ul>\n\t<\/a>\n<\/li>\n<li class=\"post-2002 job_listing type-job_listing status-publish hentry\" data-longitude=\"\" data-latitude=\"\">\n\t<a href=\"https:\/\/aeronautica.be\/nl\/vacature\/ingenieure-concepteurtrice-electronique-secteur-mecanique\/\">\n\t\t<img decoding=\"async\" class=\"company_logo\" src=\"https:\/\/aeronautica.be\/wp-content\/plugins\/wp-job-manager\/assets\/images\/company.png\" alt=\"\" \/>\t\t<div class=\"position\">\n\t\t\t<h3>Ing\u00e9nieur(e) Concepteur(trice) Electronique &#8211; Secteur M\u00e9canique<\/h3>\n\t\t\t<div class=\"company\">\n\t\t\t\t\t\t\t\t\t\t\t<\/div>\n\t\t<\/div>\n\t\t<div class=\"location\">\n\t\t\tMons\t\t<\/div>\n\t\t<ul class=\"meta\">\n\t\t\t\n\t\t\t\t\t\t\t\t\t\t\t\t\t\t\n\t\t\t<li class=\"date\"><time datetime=\"2023-04-20\">3 jaar geleden geplaatst<\/time><\/li>\n\n\t\t\t\t\t<\/ul>\n\t<\/a>\n<\/li>\n<li class=\"post-1963 job_listing type-job_listing status-publish hentry\" data-longitude=\"\" data-latitude=\"\">\n\t<a href=\"https:\/\/aeronautica.be\/nl\/vacature\/administrateur-vault-secteur-mecanique\/\">\n\t\t<img decoding=\"async\" class=\"company_logo\" src=\"https:\/\/aeronautica.be\/wp-content\/plugins\/wp-job-manager\/assets\/images\/company.png\" alt=\"\" \/>\t\t<div class=\"position\">\n\t\t\t<h3>Administrateur Vault &#8211; Secteur m\u00e9canique<\/h3>\n\t\t\t<div class=\"company\">\n\t\t\t\t\t\t\t\t\t\t\t<\/div>\n\t\t<\/div>\n\t\t<div class=\"location\">\n\t\t\tErquelinnes\t\t<\/div>\n\t\t<ul class=\"meta\">\n\t\t\t\n\t\t\t\t\t\t\t\t\t\t\t\t\t\t\n\t\t\t<li class=\"date\"><time datetime=\"2023-03-08\">3 jaar geleden geplaatst<\/time><\/li>\n\n\t\t\t\t\t<\/ul>\n\t<\/a>\n<\/li>\n<li class=\"post-1915 job_listing type-job_listing status-publish hentry\" data-longitude=\"\" data-latitude=\"\">\n\t<a href=\"https:\/\/aeronautica.be\/nl\/vacature\/ingenieure-conception-mecanique-secteur-electricite\/\">\n\t\t<img decoding=\"async\" class=\"company_logo\" src=\"https:\/\/aeronautica.be\/wp-content\/plugins\/wp-job-manager\/assets\/images\/company.png\" alt=\"\" \/>\t\t<div class=\"position\">\n\t\t\t<h3>Ing\u00e9nieur(e) Conception M\u00e9canique &#8211; Secteur Electricit\u00e9<\/h3>\n\t\t\t<div class=\"company\">\n\t\t\t\t\t\t\t\t\t\t\t<\/div>\n\t\t<\/div>\n\t\t<div class=\"location\">\n\t\t\tMons\t\t<\/div>\n\t\t<ul class=\"meta\">\n\t\t\t\n\t\t\t\t\t\t\t\t\t\t\t\t\t\t\n\t\t\t<li class=\"date\"><time datetime=\"2023-01-16\">3 jaar geleden geplaatst<\/time><\/li>\n\n\t\t\t\t\t<\/ul>\n\t<\/a>\n<\/li>\n<li class=\"post-1900 job_listing type-job_listing status-publish hentry\" data-longitude=\"\" data-latitude=\"\">\n\t<a href=\"https:\/\/aeronautica.be\/nl\/vacature\/ingenieur-en-conception-electromecanique-et-automation-secteur-machines\/\">\n\t\t<img decoding=\"async\" class=\"company_logo\" src=\"https:\/\/aeronautica.be\/wp-content\/plugins\/wp-job-manager\/assets\/images\/company.png\" alt=\"\" \/>\t\t<div class=\"position\">\n\t\t\t<h3>Ing\u00e9nieur en conception \u00e9lectrom\u00e9canique et automation &#8211; Secteur Machines<\/h3>\n\t\t\t<div class=\"company\">\n\t\t\t\t\t\t\t\t\t\t\t<\/div>\n\t\t<\/div>\n\t\t<div class=\"location\">\n\t\t\tNamur\t\t<\/div>\n\t\t<ul class=\"meta\">\n\t\t\t\n\t\t\t\t\t\t\t\t\t\t\t\t\t\t\n\t\t\t<li class=\"date\"><time datetime=\"2023-01-16\">3 jaar geleden geplaatst<\/time><\/li>\n\n\t\t\t\t\t<\/ul>\n\t<\/a>\n<\/li>\n<\/ul>\n<nav class=\"job-manager-pagination\">\n\t<ul>\n\t\t\n\t\t<li><span class=\"current\" data-page=\"1\">1<\/span><\/li><li><a href=\"#\" data-page=\"2\">2<\/a><\/li><li><a href=\"#\" data-page=\"3\">3<\/a><\/li><li><a href=\"#\" data-page=\"4\">4<\/a><\/li>\n\t\t\t\t\t<li><a href=\"#\" data-page=\"2\">&rarr;<\/a><\/li>\n\t\t\t<\/ul>\n<\/nav>\n<\/div>\n","protected":false},"excerpt":{"rendered":"","protected":false},"author":1,"featured_media":242,"parent":0,"menu_order":0,"comment_status":"closed","ping_status":"closed","template":"","meta":{"footnotes":""},"class_list":["post-60","page","type-page","status-publish","has-post-thumbnail","hentry"],"translation":{"provider":"WPGlobus","version":"3.0.2","language":"nl","enabled_languages":["fr","en","nl"],"languages":{"fr":{"title":true,"content":true,"excerpt":false},"en":{"title":true,"content":false,"excerpt":false},"nl":{"title":true,"content":false,"excerpt":false}}},"_links":{"self":[{"href":"https:\/\/aeronautica.be\/nl\/wp-json\/wp\/v2\/pages\/60","targetHints":{"allow":["GET"]}}],"collection":[{"href":"https:\/\/aeronautica.be\/nl\/wp-json\/wp\/v2\/pages"}],"about":[{"href":"https:\/\/aeronautica.be\/nl\/wp-json\/wp\/v2\/types\/page"}],"author":[{"embeddable":true,"href":"https:\/\/aeronautica.be\/nl\/wp-json\/wp\/v2\/users\/1"}],"replies":[{"embeddable":true,"href":"https:\/\/aeronautica.be\/nl\/wp-json\/wp\/v2\/comments?post=60"}],"version-history":[{"count":5,"href":"https:\/\/aeronautica.be\/nl\/wp-json\/wp\/v2\/pages\/60\/revisions"}],"predecessor-version":[{"id":951,"href":"https:\/\/aeronautica.be\/nl\/wp-json\/wp\/v2\/pages\/60\/revisions\/951"}],"wp:featuredmedia":[{"embeddable":true,"href":"https:\/\/aeronautica.be\/nl\/wp-json\/wp\/v2\/media\/242"}],"wp:attachment":[{"href":"https:\/\/aeronautica.be\/nl\/wp-json\/wp\/v2\/media?parent=60"}],"curies":[{"name":"wp","href":"https:\/\/api.w.org\/{rel}","templated":true}]}}