{"id":582,"date":"2018-07-03T14:04:26","date_gmt":"2018-07-03T12:04:26","guid":{"rendered":"https:\/\/aeronautica.be\/?page_id=582"},"modified":"2018-07-05T09:20:49","modified_gmt":"2018-07-05T07:20:49","slug":"politique-de-confidentialite","status":"publish","type":"page","link":"https:\/\/aeronautica.be\/nl\/politique-de-confidentialite\/","title":{"rendered":"Privacybeleid"},"content":{"rendered":"<div id=\"pl-582\" class=\"panel-layout\">\n<div id=\"pg-582-0\" class=\"panel-grid panel-no-style\" data-style=\"{\" data-ratio=\"1\" data-ratio-direction=\"right\">\n<div id=\"pgc-582-0-0\" class=\"panel-grid-cell\" data-weight=\"1\">\n<div id=\"panel-582-0-0-0\" class=\"so-panel widget widget_sow-editor panel-first-child panel-last-child\" data-index=\"0\" data-style=\"{\">\n<div class=\"so-widget-sow-editor so-widget-sow-editor-base\">\n<div class=\"siteorigin-widget-tinymce textwidget\">\n<p style=\"text-align: justify;\"><span id=\"result_box\" class=\"\" lang=\"nl\" tabindex=\"-1\">Dit privacybeleid bepaalt en informeert u over hoe AERONAUTICA de informatie die u naar ons verzendt gebruikt en beschermt.<\/span><\/p>\n<p style=\"text-align: justify;\"><span id=\"result_box\" class=\"\" lang=\"nl\" tabindex=\"-1\">Houd er rekening mee dat dit privacybeleid op elk moment door AERONAUTICA kan worden gewijzigd of aangevuld, met name om te voldoen aan wetgevende, regelgevende, jurisprudenti\u00eble of technologische ontwikkelingen. In dat geval wordt de datum van de update duidelijk aangegeven aan het begin van dit beleid. Deze wijzigingen verbinden de Gebruiker zodra ze online worden geplaatst. Het is daarom passend dat de gebruiker regelmatig dit beleid van vertrouwelijkheid en gebruik van cookies raadpleegt om meer te weten te komen over eventuele wijzigingen.<\/span><\/p>\n<p>&nbsp;<\/p>\n<\/div>\n<\/div>\n<\/div>\n<\/div>\n<\/div>\n<div id=\"pg-582-1\" class=\"panel-grid panel-no-style\" data-style=\"{\" data-ratio=\"1\" data-ratio-direction=\"right\">\n<div id=\"pgc-582-1-0\" class=\"panel-grid-cell\" data-weight=\"1\">\n<div id=\"panel-582-1-0-0\" class=\"so-panel widget widget_sow-editor panel-first-child panel-last-child\" data-index=\"1\" data-style=\"{\">\n<div class=\"so-widget-sow-editor so-widget-sow-editor-base\">\n<h3 class=\"widget-title\"><span id=\"result_box\" class=\"short_text\" lang=\"nl\" tabindex=\"-1\">PERSOONSGEGEVENS<\/span><\/h3>\n<div class=\"siteorigin-widget-tinymce textwidget\">\n<p style=\"text-align: justify;\"><span id=\"result_box\" class=\"\" lang=\"nl\" tabindex=\"-1\">Over het algemeen kunt u de AERONAUTICA-website bezoeken zonder persoonlijke informatie over u te onthullen. In ieder geval bent u op geen enkele manier verplicht om deze informatie aan AERONAUTICA door te geven.<\/span><\/p>\n<p style=\"text-align: justify;\"><span id=\"result_box\" class=\"\" lang=\"nl\" tabindex=\"-1\">In geval van weigering kunt u mogelijk niet profiteren van bepaalde informatie of diensten die u hebt aangevraagd. In feite kan AERONAUTICA in bepaalde gevallen worden gebracht om u te vragen om te informeren:<\/span><\/p>\n<ol>\n<li><span id=\"result_box\" class=\"short_text\" lang=\"nl\" tabindex=\"-1\">Namen, voornamen, beleefdheid, geboortedatum;<\/span><\/li>\n<li><span id=\"result_box\" class=\"\" lang=\"nl\" tabindex=\"-1\">Postadres, e-mailadres, telefoonnummer;<\/span><\/li>\n<li><span id=\"result_box\" class=\"short_text\" lang=\"nl\" tabindex=\"-1\">Professionele situatie<\/span><\/li>\n<li><span id=\"result_box\" class=\"short_text\" lang=\"nl\" tabindex=\"-1\">Studies en professionele ervaringen<\/span><\/li>\n<\/ol>\n<p><span id=\"result_box\" class=\"\" lang=\"nl\" tabindex=\"-1\">Door deze informatie te verstrekken, gaat u er uitdrukkelijk mee akkoord dat deze door AERONAUTICA zal worden verwerkt voor de doeleinden die worden vermeld in punt 2 hieronder, evenals voor de doeleinden die aan het einde van elk formulier worden vermeld.<\/span><\/p>\n<p><span id=\"result_box\" class=\"\" lang=\"nl\" tabindex=\"-1\"><span class=\"\">In overeenstemming met de Algemene Verordening inzake Gegevensbescherming (Algemene Verordening Gegevensbescherming) die op 14 april 2016 door het Europees Parlement is aangenomen en de Wet Bescherming Persoonsgegevens van 6 januari 1978 gewijzigd, informeert AERONAUTICA u over het volgende:<\/span><\/span><\/p>\n<h3><strong>1- <span id=\"result_box\" class=\"short_text\" lang=\"nl\" tabindex=\"-1\">Identiteit van de controller<\/span><\/strong><\/h3>\n<p style=\"text-align: justify;\"><span id=\"result_box\" class=\"\" lang=\"nl\" tabindex=\"-1\">De controller is AERONAUTICA, met het hoofdkwartier in de Walcourtstraat 150D &#8211; 1070 Anderlecht, Brussel, Belgi\u00eb<\/span><\/p>\n<h3><strong>2- <span id=\"result_box\" class=\"short_text\" lang=\"nl\" tabindex=\"-1\">Doel van de behandeling<\/span><\/strong><\/h3>\n<p style=\"text-align: justify;\"><span id=\"result_box\" class=\"\" lang=\"nl\" tabindex=\"-1\">AERONAUTICA kan uw persoonlijke gegevens verwerken:<\/span><\/p>\n<p style=\"text-align: justify;\">(a) <span id=\"result_box\" class=\"\" lang=\"nl\" tabindex=\"-1\">om u de gevraagde informatie of diensten te verstrekken (in het bijzonder: het versturen van de Nieuwsbrief, het verzenden van functiebeschrijvingen die voor u van belang kunnen zijn, commerci\u00eble aanbiedingen, vragenlijsten of aanvullende informatie om op zijn best te defini\u00ebren uw professioneel project); en \/ of<\/span><\/p>\n<p style=\"text-align: justify;\">(b) <span id=\"result_box\" class=\"\" lang=\"nl\" tabindex=\"-1\">voor het verzamelen van informatie die ons in staat stelt om onze site, onze producten en diensten te verbeteren.<\/span><\/p>\n<p style=\"text-align: justify;\">(c) <span id=\"result_box\" class=\"\" lang=\"nl\" tabindex=\"-1\">om contact met u op te nemen over verschillende AERONAUTICA-evenementen, inclusief het bijwerken van uw gegevens.<\/span><\/p>\n<h3><strong>3- <span id=\"result_box\" class=\"\" lang=\"nl\" tabindex=\"-1\">Verrichtingen vereist om producten en diensten te leveren<\/span><\/strong><\/h3>\n<ol>\n<li><span id=\"result_box\" class=\"\" lang=\"nl\" tabindex=\"-1\">Beheer van abonnementen op onze nieuwsbrieven en \/ of e-mailwaarschuwingen;<\/span><\/li>\n<li><span id=\"result_box\" class=\"short_text\" lang=\"nl\" tabindex=\"-1\">Onderzoeken uitvoeren;<\/span><\/li>\n<li><span id=\"result_box\" class=\"\" lang=\"nl\" tabindex=\"-1\">Informatie verzenden over de wijziging of evolutie van onze services;<\/span><\/li>\n<li><span id=\"result_box\" class=\"\" lang=\"nl\" tabindex=\"-1\">Beheer van de uitoefening van uw rechten op uw persoonlijke gegevens, onder de voorwaarden voorzien in artikel 9;<\/span><\/li>\n<\/ol>\n<p><span id=\"result_box\" class=\"\" lang=\"nl\" tabindex=\"-1\">Verificatie van de naleving van de toepasselijke wetgeving, onze contracten en de algemene gebruiksvoorwaarden.<\/span><\/p>\n<h3><strong>4 &#8211; <span id=\"result_box\" class=\"short_text\" lang=\"nl\" tabindex=\"-1\">Houdbaarheid<\/span><\/strong><\/h3>\n<p style=\"text-align: justify;\"><span id=\"result_box\" class=\"\" lang=\"nl\" tabindex=\"-1\">Uw persoonlijke informatie wordt alleen door AERONAUTICA bewaard zolang de tijd die overeenkomt met het doel van de verzameling en volgens de van kracht zijnde wetgeving maximaal 2 jaar is.<\/span><\/p>\n<h3><strong>5- <span id=\"result_box\" class=\"short_text\" lang=\"nl\" tabindex=\"-1\">Computerrechten en -vrijheden<\/span><\/strong><\/h3>\n<p style=\"text-align: justify;\"><span id=\"result_box\" class=\"\" lang=\"nl\" tabindex=\"-1\">U hebt de volgende rechten met betrekking tot uw persoonlijke informatie, die u kunt uitoefenen door ons te schrijven op het postadres vermeld in punt 1.<\/span><br \/>\n <strong>\u00a0 \u00a0 \u00a0 \u00a0 \u00a0 &gt; <span id=\"result_box\" class=\"short_text\" lang=\"nl\" tabindex=\"-1\">Recht van toegang tot en communicatie van gegevens<\/span><\/strong><br \/>\n<span id=\"result_box\" class=\"\" lang=\"nl\" tabindex=\"-1\"><span title=\"Vous avez la facult\u00e9 d\u2019acc\u00e9der aux Informations Personnelles qui vous concernent.\n\">U hebt de mogelijkheid om toegang te krijgen tot de persoonlijke informatie die u aanbelangt.<br \/>\n<\/span><span title=\"Cependant, en raison de l'obligation de s\u00e9curit\u00e9 et de confidentialit\u00e9 dans le traitement des donn\u00e9es \u00e0 caract\u00e8re personnel qui incombe \u00e0 AERONAUTICA, vous \u00eates inform\u00e9 que votre demande sera trait\u00e9e sous r\u00e9serve que vous rapportiez la preuve de votre identit\u00e9, notamment par la production d\">Vanwege de veiligheid en vertrouwelijkheid van AERONAUTICA bij de verwerking van persoonlijke gegevens, wordt u echter op de hoogte gebracht dat uw aanvraag zal worden verwerkt, op voorwaarde dat u een bewijs van uw identiteit overlegt, inclusief de productie van uw persoonlijke gegevens. <\/span><span title=\"'un scan de votre titre d'identit\u00e9 valide ou d'une photocopie sign\u00e9e de votre titre d'identit\u00e9 valide.\n\">een scan van uw geldige ID of een ondertekend fotokopie van uw geldige ID.<br \/>\n<\/span><span title=\"AERONAUTICA vous informe qu\u2019il sera en droit, le cas \u00e9ch\u00e9ant, de s\u2019opposer aux demandes manifestement abusives (de par leur nombre, leur caract\u00e8re r\u00e9p\u00e9titif ou syst\u00e9matique).\n\">AERONAUTICA deelt u mee dat het gerechtigd is, indien nodig, zich te verzetten tegen duidelijk misbruik (op basis van hun aantal, hun repetitieve of systematische aard).<br \/>\n<\/span><span title=\"Pour vous aider dans votre d\u00e9marche, notamment si vous d\u00e9sirez exercer votre droit d'acc\u00e8s par le biais d'une demande \u00e9crite \u00e0 l'adresse postale mentionn\u00e9e au point 1, vous trouverez en cliquant sur le lien suivant un mod\u00e8le de courrier \u00e9labor\u00e9 par la\">Om u te helpen bij uw proces, vooral als u uw recht op toegang wilt uitoefenen door middel van een schriftelijk verzoek naar het postadres vermeld in punt 1, vindt u door op de volgende link te klikken een e-mailsjabloon ontwikkeld door de <\/span><span title=\"Commission de la protection de la vie priv\u00e9e (la \u00ab CPVP \u00bb).\">Privacy Commissie (de &#8220;CPV&#8221;).<\/span><\/span> <a href=\"https:\/\/www.autoriteprotectiondonnees.be\/\">https:\/\/www.autoriteprotectiondonnees.be\/<\/a><br \/>\n <strong>\u00a0 \u00a0 \u00a0 \u00a0 \u00a0 &gt; <span id=\"result_box\" class=\"short_text\" lang=\"nl\" tabindex=\"-1\">Recht om gegevens te corrigeren<\/span><\/strong><br \/>\n Au titre de ce droit, la l\u00e9gislation vous habilite \u00e0 demander la rectification, la mise \u00e0 jour, le verrouillage ou encore l\u2019effacement des donn\u00e9es vous concernant qui peuvent s\u2019av\u00e9rer le cas \u00e9ch\u00e9ant inexactes, erron\u00e9es, incompl\u00e8tes ou obsol\u00e8tes.<br \/>\n <strong>\u00a0 \u00a0 \u00a0 \u00a0 \u00a0 &gt; <span id=\"result_box\" class=\"short_text\" lang=\"nl\" tabindex=\"-1\">Recht op oppositie<\/span><\/strong><br \/>\n<span id=\"result_box\" class=\"\" lang=\"nl\" tabindex=\"-1\">De uitoefening van dit recht is alleen mogelijk in een van de twee situaties:<\/span><br \/>\n 1. <span id=\"result_box\" class=\"\" lang=\"nl\" tabindex=\"-1\">Wanneer de uitoefening van dit recht op legitieme gronden berust; of<\/span><br \/>\n 2. <span id=\"result_box\" class=\"\" lang=\"nl\" tabindex=\"-1\"><span class=\"\">Wanneer de uitoefening van dit recht bedoeld is om te voorkomen dat de verzamelde gegevens worden gebruikt voor commerci\u00eble prospectiedoeleinden.<\/span> <span class=\"\">Om u te helpen bij uw proces, vooral als u uw recht op verzet wilt uitoefenen door middel van een schriftelijk verzoek gericht aan het in punt 1 vermelde postadres, vindt u door op de volgende link te klikken een model van post uitgewerkt door<\/span> de CPVP.<\/span><br \/>\n <a href=\"https:\/\/www.autoriteprotectiondonnees.be\/\">https:\/\/www.autoriteprotectiondonnees.be\/<\/a><\/p>\n<h3><strong>6- <span id=\"result_box\" class=\"short_text\" lang=\"nl\" tabindex=\"-1\">Reactietijd<\/span><\/strong><\/h3>\n<p style=\"text-align: justify;\"><span id=\"result_box\" class=\"\" lang=\"nl\" tabindex=\"-1\">AERONAUTICA verbindt zich ertoe zo snel mogelijk op uw verzoek om toegang, rectificatie of oppositie of een ander verzoek om aanvullende informatie te reageren.<\/span><\/p>\n<h3><strong>7- <span id=\"result_box\" class=\"short_text\" lang=\"nl\" tabindex=\"-1\">Klacht bij de bevoegde autoriteit<\/span><\/strong><\/h3>\n<p style=\"text-align: justify;\"><span id=\"result_box\" class=\"\" lang=\"nl\" tabindex=\"-1\">Als u van mening bent dat AERONAUTICA zijn verplichtingen met betrekking tot uw persoonlijke gegevens niet nakomt, kunt u een klacht of een verzoek richten aan de bevoegde autoriteit. In Belgi\u00eb is de bevoegde autoriteit de CPVP waarnaar u een aanvraag elektronisch kunt verzenden door op de volgende link te klikken<\/span> : <a href=\"https:\/\/www.autoriteprotectiondonnees.be\/\">https:\/\/www.autoriteprotectiondonnees.be\/<\/a><\/p>\n<\/div>\n<\/div>\n<\/div>\n<\/div>\n<\/div>\n<\/div>\n","protected":false},"excerpt":{"rendered":"<p>Dit privacybeleid bepaalt en informeert u over hoe AERONAUTICA de informatie die u naar ons verzendt gebruikt en beschermt. Houd er rekening mee dat dit privacybeleid op elk moment door AERONAUTICA kan worden gewijzigd of aangevuld, met name om te voldoen aan wetgevende, regelgevende, jurisprudenti\u00eble of technologische ontwikkelingen. In dat geval wordt de datum van&hellip; <br \/> <a class=\"read-more\" href=\"https:\/\/aeronautica.be\/nl\/politique-de-confidentialite\/\">Read more<\/a><\/p>\n","protected":false},"author":1,"featured_media":0,"parent":0,"menu_order":0,"comment_status":"closed","ping_status":"closed","template":"","meta":{"footnotes":""},"class_list":["post-582","page","type-page","status-publish","hentry"],"translation":{"provider":"WPGlobus","version":"3.0.2","language":"nl","enabled_languages":["fr","en","nl"],"languages":{"fr":{"title":true,"content":true,"excerpt":false},"en":{"title":true,"content":true,"excerpt":false},"nl":{"title":true,"content":true,"excerpt":false}}},"_links":{"self":[{"href":"https:\/\/aeronautica.be\/nl\/wp-json\/wp\/v2\/pages\/582","targetHints":{"allow":["GET"]}}],"collection":[{"href":"https:\/\/aeronautica.be\/nl\/wp-json\/wp\/v2\/pages"}],"about":[{"href":"https:\/\/aeronautica.be\/nl\/wp-json\/wp\/v2\/types\/page"}],"author":[{"embeddable":true,"href":"https:\/\/aeronautica.be\/nl\/wp-json\/wp\/v2\/users\/1"}],"replies":[{"embeddable":true,"href":"https:\/\/aeronautica.be\/nl\/wp-json\/wp\/v2\/comments?post=582"}],"version-history":[{"count":27,"href":"https:\/\/aeronautica.be\/nl\/wp-json\/wp\/v2\/pages\/582\/revisions"}],"predecessor-version":[{"id":873,"href":"https:\/\/aeronautica.be\/nl\/wp-json\/wp\/v2\/pages\/582\/revisions\/873"}],"wp:attachment":[{"href":"https:\/\/aeronautica.be\/nl\/wp-json\/wp\/v2\/media?parent=582"}],"curies":[{"name":"wp","href":"https:\/\/api.w.org\/{rel}","templated":true}]}}