{"id":56,"date":"2018-01-24T12:40:15","date_gmt":"2018-01-24T11:40:15","guid":{"rendered":"https:\/\/aeronautica.be\/?page_id=56"},"modified":"2018-02-01T12:58:52","modified_gmt":"2018-02-01T11:58:52","slug":"bureau-detude","status":"publish","type":"page","link":"https:\/\/aeronautica.be\/nl\/bureau-detude\/","title":{"rendered":"Bureau van studie"},"content":{"rendered":"<div class=\"job_listings\" data-location=\"\" data-keywords=\"\" data-show_filters=\"false\" data-show_pagination=\"true\" data-per_page=\"10\" data-orderby=\"featured\" data-order=\"DESC\" data-categories=\"bureauetude\" data-disable-form-state-storage=\"\" data-featured_first=\"false\" data-post_id=\"2166\" ><ul class=\"job_listings\">\n<li class=\"post-4178 job_listing type-job_listing status-publish hentry\" data-longitude=\"\" data-latitude=\"\">\n\t<a href=\"https:\/\/aeronautica.be\/nl\/vacature\/ingenieure-bureau-detude-mecanique-secteur-hydrogene\/\">\n\t\t<img decoding=\"async\" class=\"company_logo\" src=\"https:\/\/aeronautica.be\/wp-content\/plugins\/wp-job-manager\/assets\/images\/company.png\" alt=\"\" \/>\t\t<div class=\"position\">\n\t\t\t<h3>Ing\u00e9nieur(e) Bureau d\u2019\u00e9tude M\u00e9canique &#8211; Secteur Hydrog\u00e8ne<\/h3>\n\t\t\t<div class=\"company\">\n\t\t\t\t\t\t\t\t\t\t\t<\/div>\n\t\t<\/div>\n\t\t<div class=\"location\">\n\t\t\tLi\u00e8ge\t\t<\/div>\n\t\t<ul class=\"meta\">\n\t\t\t\n\t\t\t\t\t\t\t\t\t\t\t\t\t\t\n\t\t\t<li class=\"date\"><time datetime=\"2024-03-04\">2 jaar geleden geplaatst<\/time><\/li>\n\n\t\t\t\t\t<\/ul>\n\t<\/a>\n<\/li>\n<li class=\"post-4176 job_listing type-job_listing status-publish hentry\" data-longitude=\"\" data-latitude=\"\">\n\t<a href=\"https:\/\/aeronautica.be\/nl\/vacature\/administrateur-sccm-h-f-x-secteur-industriel\/\">\n\t\t<img decoding=\"async\" class=\"company_logo\" src=\"https:\/\/aeronautica.be\/wp-content\/plugins\/wp-job-manager\/assets\/images\/company.png\" alt=\"\" \/>\t\t<div class=\"position\">\n\t\t\t<h3>Administrateur SCCM (H\/F\/X) &#8211; Secteur Industriel<\/h3>\n\t\t\t<div class=\"company\">\n\t\t\t\t\t\t\t\t\t\t\t<\/div>\n\t\t<\/div>\n\t\t<div class=\"location\">\n\t\t\tLi\u00e8ge\t\t<\/div>\n\t\t<ul class=\"meta\">\n\t\t\t\n\t\t\t\t\t\t\t\t\t\t\t\t\t\t\n\t\t\t<li class=\"date\"><time datetime=\"2024-03-04\">2 jaar geleden geplaatst<\/time><\/li>\n\n\t\t\t\t\t<\/ul>\n\t<\/a>\n<\/li>\n<li class=\"post-4003 job_listing type-job_listing status-publish hentry\" data-longitude=\"\" data-latitude=\"\">\n\t<a href=\"https:\/\/aeronautica.be\/nl\/vacature\/specialiste-en-vente-et-marketing-secteur-chantier\/\">\n\t\t<img decoding=\"async\" class=\"company_logo\" src=\"https:\/\/aeronautica.be\/wp-content\/plugins\/wp-job-manager\/assets\/images\/company.png\" alt=\"\" \/>\t\t<div class=\"position\">\n\t\t\t<h3>Sp\u00e9cialiste en Vente et Marketing &#8211; Secteur Chantier<\/h3>\n\t\t\t<div class=\"company\">\n\t\t\t\t\t\t\t\t\t\t\t<\/div>\n\t\t<\/div>\n\t\t<div class=\"location\">\n\t\t\tLi\u00e8ge\t\t<\/div>\n\t\t<ul class=\"meta\">\n\t\t\t\n\t\t\t\t\t\t\t\t\t\t\t\t\t\t\n\t\t\t<li class=\"date\"><time datetime=\"2024-02-06\">2 jaar geleden geplaatst<\/time><\/li>\n\n\t\t\t\t\t<\/ul>\n\t<\/a>\n<\/li>\n<li class=\"post-3973 job_listing type-job_listing status-publish hentry\" data-longitude=\"\" data-latitude=\"\">\n\t<a href=\"https:\/\/aeronautica.be\/nl\/vacature\/ingenieure-mecanique-rd-secteur-industriel\/\">\n\t\t<img decoding=\"async\" class=\"company_logo\" src=\"https:\/\/aeronautica.be\/wp-content\/plugins\/wp-job-manager\/assets\/images\/company.png\" alt=\"\" \/>\t\t<div class=\"position\">\n\t\t\t<h3>Ing\u00e9nieur(e) M\u00e9canique R&amp;D &#8211; Secteur Industriel<\/h3>\n\t\t\t<div class=\"company\">\n\t\t\t\t\t\t\t\t\t\t\t<\/div>\n\t\t<\/div>\n\t\t<div class=\"location\">\n\t\t\tLi\u00e8ge\t\t<\/div>\n\t\t<ul class=\"meta\">\n\t\t\t\n\t\t\t\t\t\t\t\t\t\t\t\t\t\t\n\t\t\t<li class=\"date\"><time datetime=\"2024-02-01\">2 jaar geleden geplaatst<\/time><\/li>\n\n\t\t\t\t\t<\/ul>\n\t<\/a>\n<\/li>\n<li class=\"post-3649 job_listing type-job_listing status-publish hentry\" data-longitude=\"\" data-latitude=\"\">\n\t<a href=\"https:\/\/aeronautica.be\/nl\/vacature\/ingenieure-project-manager-secteur-defense\/\">\n\t\t<img decoding=\"async\" class=\"company_logo\" src=\"https:\/\/aeronautica.be\/wp-content\/plugins\/wp-job-manager\/assets\/images\/company.png\" alt=\"\" \/>\t\t<div class=\"position\">\n\t\t\t<h3>Ing\u00e9nieur(e) Project manager \u00e9lectronique &#8211; Secteur D\u00e9fense<\/h3>\n\t\t\t<div class=\"company\">\n\t\t\t\t\t\t\t\t\t\t\t<\/div>\n\t\t<\/div>\n\t\t<div class=\"location\">\n\t\t\tLi\u00e8ge\t\t<\/div>\n\t\t<ul class=\"meta\">\n\t\t\t\n\t\t\t\t\t\t\t\t\t\t\t\t\t\t\n\t\t\t<li class=\"date\"><time datetime=\"2023-12-05\">2 jaar geleden geplaatst<\/time><\/li>\n\n\t\t\t\t\t<\/ul>\n\t<\/a>\n<\/li>\n<li class=\"post-3647 job_listing type-job_listing status-publish hentry\" data-longitude=\"\" data-latitude=\"\">\n\t<a href=\"https:\/\/aeronautica.be\/nl\/vacature\/developpeur-hardware-senior-secteur-defense\/\">\n\t\t<img decoding=\"async\" class=\"company_logo\" src=\"https:\/\/aeronautica.be\/wp-content\/plugins\/wp-job-manager\/assets\/images\/company.png\" alt=\"\" \/>\t\t<div class=\"position\">\n\t\t\t<h3>D\u00e9veloppeur Hardware Senior &#8211; Secteur D\u00e9fense<\/h3>\n\t\t\t<div class=\"company\">\n\t\t\t\t\t\t\t\t\t\t\t<\/div>\n\t\t<\/div>\n\t\t<div class=\"location\">\n\t\t\tLi\u00e8ge\t\t<\/div>\n\t\t<ul class=\"meta\">\n\t\t\t\n\t\t\t\t\t\t\t\t\t\t\t\t\t\t\n\t\t\t<li class=\"date\"><time datetime=\"2023-12-05\">2 jaar geleden geplaatst<\/time><\/li>\n\n\t\t\t\t\t<\/ul>\n\t<\/a>\n<\/li>\n<li class=\"post-3612 job_listing type-job_listing status-publish hentry\" data-longitude=\"\" data-latitude=\"\">\n\t<a href=\"https:\/\/aeronautica.be\/nl\/vacature\/ingenieure-bureau-detude-secteur-construction\/\">\n\t\t<img decoding=\"async\" class=\"company_logo\" src=\"https:\/\/aeronautica.be\/wp-content\/plugins\/wp-job-manager\/assets\/images\/company.png\" alt=\"\" \/>\t\t<div class=\"position\">\n\t\t\t<h3>Ing\u00e9nieur(e) Bureau d\u2019Etude &#8211; Secteur Construction<\/h3>\n\t\t\t<div class=\"company\">\n\t\t\t\t\t\t\t\t\t\t\t<\/div>\n\t\t<\/div>\n\t\t<div class=\"location\">\n\t\t\tLi\u00e8ge\t\t<\/div>\n\t\t<ul class=\"meta\">\n\t\t\t\n\t\t\t\t\t\t\t\t\t\t\t\t\t\t\n\t\t\t<li class=\"date\"><time datetime=\"2023-11-28\">2 jaar geleden geplaatst<\/time><\/li>\n\n\t\t\t\t\t<\/ul>\n\t<\/a>\n<\/li>\n<li class=\"post-2202 job_listing type-job_listing status-publish hentry\" data-longitude=\"\" data-latitude=\"\">\n\t<a href=\"https:\/\/aeronautica.be\/nl\/vacature\/chef-de-projet-secteur-energies\/\">\n\t\t<img decoding=\"async\" class=\"company_logo\" src=\"https:\/\/aeronautica.be\/wp-content\/plugins\/wp-job-manager\/assets\/images\/company.png\" alt=\"\" \/>\t\t<div class=\"position\">\n\t\t\t<h3>Chef de projet &#8211; Secteur Energies<\/h3>\n\t\t\t<div class=\"company\">\n\t\t\t\t\t\t\t\t\t\t\t<\/div>\n\t\t<\/div>\n\t\t<div class=\"location\">\n\t\t\tNamur\t\t<\/div>\n\t\t<ul class=\"meta\">\n\t\t\t\n\t\t\t\t\t\t\t\t\t\t\t\t\t\t\n\t\t\t<li class=\"date\"><time datetime=\"2023-11-02\">2 jaar geleden geplaatst<\/time><\/li>\n\n\t\t\t\t\t<\/ul>\n\t<\/a>\n<\/li>\n<li class=\"post-2176 job_listing type-job_listing status-publish hentry\" data-longitude=\"\" data-latitude=\"\">\n\t<a href=\"https:\/\/aeronautica.be\/nl\/vacature\/ingenieur-configuration-secteur-aeronautique\/\">\n\t\t<img decoding=\"async\" class=\"company_logo\" src=\"https:\/\/aeronautica.be\/wp-content\/plugins\/wp-job-manager\/assets\/images\/company.png\" alt=\"\" \/>\t\t<div class=\"position\">\n\t\t\t<h3>Ing\u00e9nieur Configuration &#8211; Secteur A\u00e9ronautique<\/h3>\n\t\t\t<div class=\"company\">\n\t\t\t\t\t\t\t\t\t\t\t<\/div>\n\t\t<\/div>\n\t\t<div class=\"location\">\n\t\t\tCharleroi\t\t<\/div>\n\t\t<ul class=\"meta\">\n\t\t\t\n\t\t\t\t\t\t\t\t\t\t\t\t\t\t\n\t\t\t<li class=\"date\"><time datetime=\"2023-09-27\">3 jaar geleden geplaatst<\/time><\/li>\n\n\t\t\t\t\t<\/ul>\n\t<\/a>\n<\/li>\n<li class=\"post-2166 job_listing type-job_listing status-publish hentry\" data-longitude=\"\" data-latitude=\"\">\n\t<a href=\"https:\/\/aeronautica.be\/nl\/vacature\/ingenieure-electricite-secteur-hydrogene\/\">\n\t\t<img decoding=\"async\" class=\"company_logo\" src=\"https:\/\/aeronautica.be\/wp-content\/plugins\/wp-job-manager\/assets\/images\/company.png\" alt=\"\" \/>\t\t<div class=\"position\">\n\t\t\t<h3>Ing\u00e9nieur(e) Electricit\u00e9 &#8211; Secteur Hydrog\u00e8ne<\/h3>\n\t\t\t<div class=\"company\">\n\t\t\t\t\t\t\t\t\t\t\t<\/div>\n\t\t<\/div>\n\t\t<div class=\"location\">\n\t\t\tLi\u00e8ge\t\t<\/div>\n\t\t<ul class=\"meta\">\n\t\t\t\n\t\t\t\t\t\t\t\t\t\t\t\t\t\t\n\t\t\t<li class=\"date\"><time datetime=\"2023-09-07\">3 jaar geleden geplaatst<\/time><\/li>\n\n\t\t\t\t\t<\/ul>\n\t<\/a>\n<\/li>\n<\/ul>\n<nav class=\"job-manager-pagination\">\n\t<ul>\n\t\t\n\t\t<li><span class=\"current\" data-page=\"1\">1<\/span><\/li><li><a href=\"#\" data-page=\"2\">2<\/a><\/li><li><a href=\"#\" data-page=\"3\">3<\/a><\/li><li><a href=\"#\" data-page=\"4\">4<\/a><\/li><li><span class=\"gap\">...<\/span><\/li><li><a href=\"#\" data-page=\"10\">10<\/a><\/li><li><a href=\"#\" data-page=\"11\">11<\/a><\/li><li><a href=\"#\" data-page=\"12\">12<\/a><\/li>\n\t\t\t\t\t<li><a href=\"#\" data-page=\"2\">&rarr;<\/a><\/li>\n\t\t\t<\/ul>\n<\/nav>\n<\/div>\n","protected":false},"excerpt":{"rendered":"","protected":false},"author":1,"featured_media":242,"parent":0,"menu_order":0,"comment_status":"closed","ping_status":"closed","template":"","meta":{"footnotes":""},"class_list":["post-56","page","type-page","status-publish","has-post-thumbnail","hentry"],"translation":{"provider":"WPGlobus","version":"3.0.2","language":"nl","enabled_languages":["fr","en","nl"],"languages":{"fr":{"title":true,"content":true,"excerpt":false},"en":{"title":true,"content":false,"excerpt":false},"nl":{"title":true,"content":false,"excerpt":false}}},"_links":{"self":[{"href":"https:\/\/aeronautica.be\/nl\/wp-json\/wp\/v2\/pages\/56","targetHints":{"allow":["GET"]}}],"collection":[{"href":"https:\/\/aeronautica.be\/nl\/wp-json\/wp\/v2\/pages"}],"about":[{"href":"https:\/\/aeronautica.be\/nl\/wp-json\/wp\/v2\/types\/page"}],"author":[{"embeddable":true,"href":"https:\/\/aeronautica.be\/nl\/wp-json\/wp\/v2\/users\/1"}],"replies":[{"embeddable":true,"href":"https:\/\/aeronautica.be\/nl\/wp-json\/wp\/v2\/comments?post=56"}],"version-history":[{"count":4,"href":"https:\/\/aeronautica.be\/nl\/wp-json\/wp\/v2\/pages\/56\/revisions"}],"predecessor-version":[{"id":397,"href":"https:\/\/aeronautica.be\/nl\/wp-json\/wp\/v2\/pages\/56\/revisions\/397"}],"wp:featuredmedia":[{"embeddable":true,"href":"https:\/\/aeronautica.be\/nl\/wp-json\/wp\/v2\/media\/242"}],"wp:attachment":[{"href":"https:\/\/aeronautica.be\/nl\/wp-json\/wp\/v2\/media?parent=56"}],"curies":[{"name":"wp","href":"https:\/\/api.w.org\/{rel}","templated":true}]}}