{"id":3468,"date":"2023-11-25T12:11:06","date_gmt":"2023-11-25T11:11:06","guid":{"rendered":"https:\/\/aeronautica.be\/?page_id=3468"},"modified":"2025-10-28T16:47:38","modified_gmt":"2025-10-28T15:47:38","slug":"nos-offres","status":"publish","type":"page","link":"https:\/\/aeronautica.be\/nl\/nos-offres\/","title":{"rendered":"Nos Offres"},"content":{"rendered":"<div id=\"pl-3468\"  class=\"panel-layout\" ><div id=\"pg-3468-0\"  class=\"panel-grid panel-no-style\" ><div id=\"pgc-3468-0-0\"  class=\"panel-grid-cell panel-grid-cell-empty\" ><\/div><div id=\"pgc-3468-0-1\"  class=\"panel-grid-cell panel-grid-cell-mobile-last\" ><div id=\"panel-3468-0-1-0\" class=\"so-panel widget widget_sow-button panel-first-child panel-last-child\" data-index=\"0\" ><div\n\t\t\t\n\t\t\tclass=\"so-widget-sow-button so-widget-sow-button-flat-765196ff0348-3468\"\n\t\t\t\n\t\t><div class=\"ow-button-base ow-button-align-center\"\n>\n\t\t\t<a\n\t\t\t\t\thref=\"https:\/\/app.beehire.com\/career\/aeronautica#!#%23career__jobs\"\n\t\t\t\t\tclass=\"sowb-button ow-icon-placement-left ow-button-hover\" \t>\n\t\t<span>\n\t\t\t\n\t\t\tVOIR PLUS D'OFFRES\t\t<\/span>\n\t\t\t<\/a>\n\t<\/div>\n<\/div><\/div><\/div><div id=\"pgc-3468-0-2\"  class=\"panel-grid-cell panel-grid-cell-empty\" ><\/div><\/div><div id=\"pg-3468-1\"  class=\"panel-grid panel-no-style\" ><div id=\"pgc-3468-1-0\"  class=\"panel-grid-cell panel-grid-cell-empty\" ><\/div><div id=\"pgc-3468-1-1\"  class=\"panel-grid-cell panel-grid-cell-mobile-last\" ><div id=\"panel-3468-1-1-0\" class=\"so-panel widget widget_text panel-first-child\" data-index=\"1\" >\t\t\t<div class=\"textwidget\"><h2 style=\"text-align: center; font-size: 2.4em;\">Acc\u00e9dez \u00e0 nos offres d&#8217;emploi<\/h2>\n<hr \/>\n<p style=\"text-align: center;\">En cliquant sur ce bouton, vous serez redirig\u00e9 vers notre page d\u00e9di\u00e9e \u00e0 la recherche d\u2019emploi, o\u00f9 vous pourrez d\u00e9couvrir l\u2019ensemble de nos offres disponibles et postuler directement en ligne. <br \/>Nous vous remercions de l\u2019int\u00e9r\u00eat que vous portez \u00e0 notre entreprise et vous souhaitons plein succ\u00e8s dans votre d\u00e9marche.<\/p>\n<\/div>\n\t\t<\/div><div id=\"panel-3468-1-1-1\" class=\"so-panel widget widget_sow-button\" data-index=\"2\" ><div\n\t\t\t\n\t\t\tclass=\"so-widget-sow-button so-widget-sow-button-flat-2818fd5d81d0-3468\"\n\t\t\t\n\t\t><div class=\"ow-button-base ow-button-align-center\"\n>\n\t\t\t<a\n\t\t\t\t\thref=\"https:\/\/app.beehire.com\/career\/aeronautica#!#%23career__jobs\"\n\t\t\t\t\tclass=\"sowb-button ow-icon-placement-left ow-button-hover\" \t>\n\t\t<span>\n\t\t\t\n\t\t\tACC\u00c9DEZ \u00c0 TOUTES NOS OFFRES D'EMPLOI\t\t<\/span>\n\t\t\t<\/a>\n\t<\/div>\n<\/div><\/div><div id=\"panel-3468-1-1-2\" class=\"so-panel widget widget_sow-image\" data-index=\"3\" ><div\n\t\t\t\n\t\t\tclass=\"so-widget-sow-image so-widget-sow-image-default-c67d20f9f743-3468\"\n\t\t\t\n\t\t>\n<div class=\"sow-image-container\">\n\t\t<img \n\tsrc=\"https:\/\/aeronautica.be\/wp-content\/uploads\/2023\/11\/logoBleu-300x70.png\" width=\"200\" height=\"47\" srcset=\"https:\/\/aeronautica.be\/wp-content\/uploads\/2023\/11\/logoBleu-300x70.png 300w, https:\/\/aeronautica.be\/wp-content\/uploads\/2023\/11\/logoBleu.png 465w\" sizes=\"(max-width: 200px) 100vw, 200px\" alt=\"logo aeronautica\" \t\tclass=\"so-widget-image\"\/>\n\t<\/div>\n\n<\/div><\/div><div id=\"panel-3468-1-1-3\" class=\"so-panel widget widget_text panel-last-child\" data-index=\"4\" >\t\t\t<div class=\"textwidget\"><p style=\"text-align: center;\">Voir notre\u00a0 \t\t<a\t\t\t\thref=\"javascript:void(0)\"\r\n\t\t\t\tclass=\"sgpb-show-popup sgpb-popup-id-1\"\r\n\t\tdata-sgpbpopupid=\"1\"\r\n\t\tdata-popup-event=\"click\"\r\n\t\t>\r\n\t\tpolitique de confidentialit\u00e9\t\t<\/a>\r\n\t\t<\/p>\n<\/div>\n\t\t<\/div><\/div><div id=\"pgc-3468-1-2\"  class=\"panel-grid-cell panel-grid-cell-empty\" ><\/div><\/div><div id=\"pg-3468-2\"  class=\"panel-grid panel-no-style\" ><div id=\"pgc-3468-2-0\"  class=\"panel-grid-cell panel-grid-cell-empty\" ><\/div><div id=\"pgc-3468-2-1\"  class=\"panel-grid-cell panel-grid-cell-empty panel-grid-cell-mobile-last\" ><\/div><div id=\"pgc-3468-2-2\"  class=\"panel-grid-cell panel-grid-cell-empty\" ><\/div><\/div><\/div>","protected":false},"excerpt":{"rendered":"<p>Acc\u00e9dez \u00e0 nos offres d&#8217;emploi En cliquant sur ce bouton, vous serez redirig\u00e9 vers notre page d\u00e9di\u00e9e \u00e0 la recherche d\u2019emploi, o\u00f9 vous pourrez d\u00e9couvrir l\u2019ensemble de nos offres disponibles et postuler directement en ligne. Nous vous remercions de l\u2019int\u00e9r\u00eat que vous portez \u00e0 notre entreprise et vous souhaitons plein succ\u00e8s dans votre d\u00e9marche. Voir&hellip; <br \/> <a class=\"read-more\" href=\"https:\/\/aeronautica.be\/nl\/nos-offres\/\">Read more<\/a><\/p>\n","protected":false},"author":1,"featured_media":0,"parent":0,"menu_order":0,"comment_status":"closed","ping_status":"closed","template":"","meta":{"footnotes":""},"class_list":["post-3468","page","type-page","status-publish","hentry"],"translation":{"provider":"WPGlobus","version":"3.0.2","language":"nl","enabled_languages":["fr","en","nl"],"languages":{"fr":{"title":true,"content":true,"excerpt":false},"en":{"title":false,"content":false,"excerpt":false},"nl":{"title":false,"content":false,"excerpt":false}}},"_links":{"self":[{"href":"https:\/\/aeronautica.be\/nl\/wp-json\/wp\/v2\/pages\/3468","targetHints":{"allow":["GET"]}}],"collection":[{"href":"https:\/\/aeronautica.be\/nl\/wp-json\/wp\/v2\/pages"}],"about":[{"href":"https:\/\/aeronautica.be\/nl\/wp-json\/wp\/v2\/types\/page"}],"author":[{"embeddable":true,"href":"https:\/\/aeronautica.be\/nl\/wp-json\/wp\/v2\/users\/1"}],"replies":[{"embeddable":true,"href":"https:\/\/aeronautica.be\/nl\/wp-json\/wp\/v2\/comments?post=3468"}],"version-history":[{"count":82,"href":"https:\/\/aeronautica.be\/nl\/wp-json\/wp\/v2\/pages\/3468\/revisions"}],"predecessor-version":[{"id":3758,"href":"https:\/\/aeronautica.be\/nl\/wp-json\/wp\/v2\/pages\/3468\/revisions\/3758"}],"wp:attachment":[{"href":"https:\/\/aeronautica.be\/nl\/wp-json\/wp\/v2\/media?parent=3468"}],"curies":[{"name":"wp","href":"https:\/\/api.w.org\/{rel}","templated":true}]}}