{"id":956,"date":"2020-12-16T13:27:34","date_gmt":"2020-12-16T12:27:34","guid":{"rendered":"https:\/\/aeronautica.be\/?page_id=956"},"modified":"2020-12-16T13:27:34","modified_gmt":"2020-12-16T12:27:34","slug":"tests-laboratoire","status":"publish","type":"page","link":"https:\/\/aeronautica.be\/en\/tests-laboratoire\/","title":{"rendered":"Production"},"content":{"rendered":"<div class=\"job_listings\" data-location=\"\" data-keywords=\"\" data-show_filters=\"false\" data-show_pagination=\"true\" data-per_page=\"10\" data-orderby=\"featured\" data-order=\"DESC\" data-categories=\"labo\" data-disable-form-state-storage=\"\" data-featured_first=\"false\" data-post_id=\"1367\" ><ul class=\"job_listings\">\n<li class=\"post-3610 job_listing type-job_listing status-publish hentry\" data-longitude=\"\" data-latitude=\"\">\n\t<a href=\"https:\/\/aeronautica.be\/en\/job\/superviseur-de-laboratoire-h-f-x-secteur-metal\/\">\n\t\t<img decoding=\"async\" class=\"company_logo\" src=\"https:\/\/aeronautica.be\/wp-content\/plugins\/wp-job-manager\/assets\/images\/company.png\" alt=\"\" \/>\t\t<div class=\"position\">\n\t\t\t<h3>Superviseur de laboratoire H\/F\/X &#8211; Secteur M\u00e9tal<\/h3>\n\t\t\t<div class=\"company\">\n\t\t\t\t\t\t\t\t\t\t\t<\/div>\n\t\t<\/div>\n\t\t<div class=\"location\">\n\t\t\tMons\t\t<\/div>\n\t\t<ul class=\"meta\">\n\t\t\t\n\t\t\t\t\t\t\t\t\t\t\t\t\t\t\n\t\t\t<li class=\"date\"><time datetime=\"2023-11-28\">Posted 2 years ago<\/time><\/li>\n\n\t\t\t\t\t<\/ul>\n\t<\/a>\n<\/li>\n<li class=\"post-1842 job_listing type-job_listing status-publish hentry\" data-longitude=\"\" data-latitude=\"\">\n\t<a href=\"https:\/\/aeronautica.be\/en\/job\/gestionnaire-de-projet-secteur-energie\/\">\n\t\t<img decoding=\"async\" class=\"company_logo\" src=\"https:\/\/aeronautica.be\/wp-content\/plugins\/wp-job-manager\/assets\/images\/company.png\" alt=\"\" \/>\t\t<div class=\"position\">\n\t\t\t<h3>Gestionnaire de Projet &#8211; Secteur Energie<\/h3>\n\t\t\t<div class=\"company\">\n\t\t\t\t\t\t\t\t\t\t\t<\/div>\n\t\t<\/div>\n\t\t<div class=\"location\">\n\t\t\tNamur\t\t<\/div>\n\t\t<ul class=\"meta\">\n\t\t\t\n\t\t\t\t\t\t\t\t\t\t\t\t\t\t\n\t\t\t<li class=\"date\"><time datetime=\"2022-09-28\">Posted 4 years ago<\/time><\/li>\n\n\t\t\t\t\t<\/ul>\n\t<\/a>\n<\/li>\n<li class=\"post-1840 job_listing type-job_listing status-publish hentry\" data-longitude=\"\" data-latitude=\"\">\n\t<a href=\"https:\/\/aeronautica.be\/en\/job\/technicienne-laboratoire-secteur-metal\/\">\n\t\t<img decoding=\"async\" class=\"company_logo\" src=\"https:\/\/aeronautica.be\/wp-content\/plugins\/wp-job-manager\/assets\/images\/company.png\" alt=\"\" \/>\t\t<div class=\"position\">\n\t\t\t<h3>Technicien(ne) Laboratoire &#8211; Secteur M\u00e9tal<\/h3>\n\t\t\t<div class=\"company\">\n\t\t\t\t\t\t\t\t\t\t\t<\/div>\n\t\t<\/div>\n\t\t<div class=\"location\">\n\t\t\tMons\t\t<\/div>\n\t\t<ul class=\"meta\">\n\t\t\t\n\t\t\t\t\t\t\t\t\t\t\t\t\t\t\n\t\t\t<li class=\"date\"><time datetime=\"2022-09-20\">Posted 4 years ago<\/time><\/li>\n\n\t\t\t\t\t<\/ul>\n\t<\/a>\n<\/li>\n<li class=\"post-1770 job_listing type-job_listing status-publish hentry\" data-longitude=\"\" data-latitude=\"\">\n\t<a href=\"https:\/\/aeronautica.be\/en\/job\/ingenieure-validation-et-verification-secteur-defense\/\">\n\t\t<img decoding=\"async\" class=\"company_logo\" src=\"https:\/\/aeronautica.be\/wp-content\/plugins\/wp-job-manager\/assets\/images\/company.png\" alt=\"\" \/>\t\t<div class=\"position\">\n\t\t\t<h3>Ing\u00e9nieur(e) Validation et V\u00e9rification &#8211; Secteur D\u00e9fense<\/h3>\n\t\t\t<div class=\"company\">\n\t\t\t\t\t\t\t\t\t\t\t<\/div>\n\t\t<\/div>\n\t\t<div class=\"location\">\n\t\t\tLi\u00e8ge\t\t<\/div>\n\t\t<ul class=\"meta\">\n\t\t\t\n\t\t\t\t\t\t\t\t\t\t\t\t\t\t\n\t\t\t<li class=\"date\"><time datetime=\"2022-09-07\">Posted 4 years ago<\/time><\/li>\n\n\t\t\t\t\t<\/ul>\n\t<\/a>\n<\/li>\n<li class=\"post-1716 job_listing type-job_listing status-publish hentry\" data-longitude=\"\" data-latitude=\"\">\n\t<a href=\"https:\/\/aeronautica.be\/en\/job\/responsable-laboratoire-secteur-chimie\/\">\n\t\t<img decoding=\"async\" class=\"company_logo\" src=\"https:\/\/aeronautica.be\/wp-content\/plugins\/wp-job-manager\/assets\/images\/company.png\" alt=\"\" \/>\t\t<div class=\"position\">\n\t\t\t<h3>Responsable laboratoire &#8211; Secteur Chimie<\/h3>\n\t\t\t<div class=\"company\">\n\t\t\t\t\t\t\t\t\t\t\t<\/div>\n\t\t<\/div>\n\t\t<div class=\"location\">\n\t\t\tMons\t\t<\/div>\n\t\t<ul class=\"meta\">\n\t\t\t\n\t\t\t\t\t\t\t\t\t\t\t\t\t\t\n\t\t\t<li class=\"date\"><time datetime=\"2022-08-03\">Posted 4 years ago<\/time><\/li>\n\n\t\t\t\t\t<\/ul>\n\t<\/a>\n<\/li>\n<li class=\"post-1672 job_listing type-job_listing status-publish hentry\" data-longitude=\"\" data-latitude=\"\">\n\t<a href=\"https:\/\/aeronautica.be\/en\/job\/ingenieure-test-secteur-aeronautique\/\">\n\t\t<img decoding=\"async\" class=\"company_logo\" src=\"https:\/\/aeronautica.be\/wp-content\/plugins\/wp-job-manager\/assets\/images\/company.png\" alt=\"\" \/>\t\t<div class=\"position\">\n\t\t\t<h3>Ing\u00e9nieur(e) Test  &#8211; Secteur A\u00e9ronautique<\/h3>\n\t\t\t<div class=\"company\">\n\t\t\t\t\t\t\t\t\t\t\t<\/div>\n\t\t<\/div>\n\t\t<div class=\"location\">\n\t\t\tBruxelles\t\t<\/div>\n\t\t<ul class=\"meta\">\n\t\t\t\n\t\t\t\t\t\t\t\t\t\t\t\t\t\t\n\t\t\t<li class=\"date\"><time datetime=\"2022-06-22\">Posted 4 years ago<\/time><\/li>\n\n\t\t\t\t\t<\/ul>\n\t<\/a>\n<\/li>\n<li class=\"post-1627 job_listing type-job_listing status-publish hentry\" data-longitude=\"\" data-latitude=\"\">\n\t<a href=\"https:\/\/aeronautica.be\/en\/job\/ingenieur-projet-certification-secteur-industrie\/\">\n\t\t<img decoding=\"async\" class=\"company_logo\" src=\"https:\/\/aeronautica.be\/wp-content\/plugins\/wp-job-manager\/assets\/images\/company.png\" alt=\"\" \/>\t\t<div class=\"position\">\n\t\t\t<h3>Ing\u00e9nieur Projet Certification &#8211; Secteur Industrie<\/h3>\n\t\t\t<div class=\"company\">\n\t\t\t\t\t\t\t\t\t\t\t<\/div>\n\t\t<\/div>\n\t\t<div class=\"location\">\n\t\t\tLi\u00e8ge\t\t<\/div>\n\t\t<ul class=\"meta\">\n\t\t\t\n\t\t\t\t\t\t\t\t\t\t\t\t\t\t\n\t\t\t<li class=\"date\"><time datetime=\"2022-05-13\">Posted 4 years ago<\/time><\/li>\n\n\t\t\t\t\t<\/ul>\n\t<\/a>\n<\/li>\n<li class=\"post-1584 job_listing type-job_listing status-publish hentry\" data-longitude=\"\" data-latitude=\"\">\n\t<a href=\"https:\/\/aeronautica.be\/en\/job\/manager-laboratoire-secteur-metallique\/\">\n\t\t<img decoding=\"async\" class=\"company_logo\" src=\"https:\/\/aeronautica.be\/wp-content\/plugins\/wp-job-manager\/assets\/images\/company.png\" alt=\"\" \/>\t\t<div class=\"position\">\n\t\t\t<h3>Manager Laboratoire &#8211; Secteur M\u00e9tallique<\/h3>\n\t\t\t<div class=\"company\">\n\t\t\t\t\t\t\t\t\t\t\t<\/div>\n\t\t<\/div>\n\t\t<div class=\"location\">\n\t\t\tMons\t\t<\/div>\n\t\t<ul class=\"meta\">\n\t\t\t\n\t\t\t\t\t\t\t\t\t\t\t\t\t\t\n\t\t\t<li class=\"date\"><time datetime=\"2022-04-05\">Posted 4 years ago<\/time><\/li>\n\n\t\t\t\t\t<\/ul>\n\t<\/a>\n<\/li>\n<li class=\"post-1371 job_listing type-job_listing status-publish hentry\" data-longitude=\"\" data-latitude=\"\">\n\t<a href=\"https:\/\/aeronautica.be\/en\/job\/ingenieur-projet-laboratoire-secteur-automobile\/\">\n\t\t<img decoding=\"async\" class=\"company_logo\" src=\"https:\/\/aeronautica.be\/wp-content\/plugins\/wp-job-manager\/assets\/images\/company.png\" alt=\"\" \/>\t\t<div class=\"position\">\n\t\t\t<h3>Ing\u00e9nieur Projet Laboratoire &#8211; Secteur Automobile<\/h3>\n\t\t\t<div class=\"company\">\n\t\t\t\t\t\t\t\t\t\t\t<\/div>\n\t\t<\/div>\n\t\t<div class=\"location\">\n\t\t\tBruxelles\t\t<\/div>\n\t\t<ul class=\"meta\">\n\t\t\t\n\t\t\t\t\t\t\t\t\t\t\t\t\t\t\n\t\t\t<li class=\"date\"><time datetime=\"2021-04-02\">Posted 5 years ago<\/time><\/li>\n\n\t\t\t\t\t<\/ul>\n\t<\/a>\n<\/li>\n<li class=\"post-1367 job_listing type-job_listing status-publish hentry\" data-longitude=\"\" data-latitude=\"\">\n\t<a href=\"https:\/\/aeronautica.be\/en\/job\/ingenieur-rd-creation-nouvelles-recettes-secteur-agroalimentaire\/\">\n\t\t<img decoding=\"async\" class=\"company_logo\" src=\"https:\/\/aeronautica.be\/wp-content\/plugins\/wp-job-manager\/assets\/images\/company.png\" alt=\"\" \/>\t\t<div class=\"position\">\n\t\t\t<h3>Ing\u00e9nieur R&amp;D &#8211; cr\u00e9ation nouvelles recettes &#8211; Secteur agroalimentaire<\/h3>\n\t\t\t<div class=\"company\">\n\t\t\t\t\t\t\t\t\t\t\t<\/div>\n\t\t<\/div>\n\t\t<div class=\"location\">\n\t\t\tProvince de Li\u00e8ge\t\t<\/div>\n\t\t<ul class=\"meta\">\n\t\t\t\n\t\t\t\t\t\t\t\t\t\t\t\t\t\t\n\t\t\t<li class=\"date\"><time datetime=\"2021-03-12\">Posted 5 years ago<\/time><\/li>\n\n\t\t\t\t\t<\/ul>\n\t<\/a>\n<\/li>\n<\/ul>\n<nav class=\"job-manager-pagination\">\n\t<ul>\n\t\t\n\t\t<li><span class=\"current\" data-page=\"1\">1<\/span><\/li><li><a href=\"#\" data-page=\"2\">2<\/a><\/li>\n\t\t\t\t\t<li><a href=\"#\" data-page=\"2\">&rarr;<\/a><\/li>\n\t\t\t<\/ul>\n<\/nav>\n<\/div>\n","protected":false},"excerpt":{"rendered":"","protected":false},"author":1,"featured_media":242,"parent":0,"menu_order":0,"comment_status":"closed","ping_status":"closed","template":"","meta":{"footnotes":""},"class_list":["post-956","page","type-page","status-publish","has-post-thumbnail","hentry"],"translation":{"provider":"WPGlobus","version":"3.0.2","language":"en","enabled_languages":["fr","en","nl"],"languages":{"fr":{"title":true,"content":true,"excerpt":false},"en":{"title":true,"content":false,"excerpt":false},"nl":{"title":true,"content":false,"excerpt":false}}},"_links":{"self":[{"href":"https:\/\/aeronautica.be\/en\/wp-json\/wp\/v2\/pages\/956","targetHints":{"allow":["GET"]}}],"collection":[{"href":"https:\/\/aeronautica.be\/en\/wp-json\/wp\/v2\/pages"}],"about":[{"href":"https:\/\/aeronautica.be\/en\/wp-json\/wp\/v2\/types\/page"}],"author":[{"embeddable":true,"href":"https:\/\/aeronautica.be\/en\/wp-json\/wp\/v2\/users\/1"}],"replies":[{"embeddable":true,"href":"https:\/\/aeronautica.be\/en\/wp-json\/wp\/v2\/comments?post=956"}],"version-history":[{"count":2,"href":"https:\/\/aeronautica.be\/en\/wp-json\/wp\/v2\/pages\/956\/revisions"}],"predecessor-version":[{"id":1272,"href":"https:\/\/aeronautica.be\/en\/wp-json\/wp\/v2\/pages\/956\/revisions\/1272"}],"wp:featuredmedia":[{"embeddable":true,"href":"https:\/\/aeronautica.be\/en\/wp-json\/wp\/v2\/media\/242"}],"wp:attachment":[{"href":"https:\/\/aeronautica.be\/en\/wp-json\/wp\/v2\/media?parent=956"}],"curies":[{"name":"wp","href":"https:\/\/api.w.org\/{rel}","templated":true}]}}