{"id":6,"date":"2018-01-23T22:11:04","date_gmt":"2018-01-23T21:11:04","guid":{"rendered":"http:\/\/aeronautica.be\/index.php\/mesmerize\/"},"modified":"2024-01-16T10:45:41","modified_gmt":"2024-01-16T09:45:41","slug":"mesmerize","status":"publish","type":"page","link":"https:\/\/aeronautica.be\/en\/","title":{"rendered":"Home"},"content":{"rendered":"<div id=\"pl-6\"  class=\"panel-layout\" ><div id=\"pg-6-0\"  class=\"panel-grid panel-has-style\" ><div class=\"siteorigin-panels-stretch panel-row-style panel-row-style-for-6-0\" data-stretch-type=\"full-width-stretch\" ><div id=\"pgc-6-0-0\"  class=\"panel-grid-cell panel-grid-cell-empty\" ><\/div><div id=\"pgc-6-0-1\"  class=\"panel-grid-cell panel-grid-cell-mobile-last\" ><div id=\"panel-6-0-1-0\" class=\"so-panel widget widget_sow-editor panel-first-child\" data-index=\"0\" ><div class=\"panel-widget-style panel-widget-style-for-6-0-1-0\" ><div\n\t\t\t\n\t\t\tclass=\"so-widget-sow-editor so-widget-sow-editor-base\"\n\t\t\t\n\t\t>\n<div class=\"siteorigin-widget-tinymce textwidget\">\n\t<h2 style=\"text-align: center;\"><span style=\"font-size: 1.2em; color:#2C2C2C; font-family: 'book antiqua', palatino, serif; color:black;\">Notre engagement<\/span><\/h2>\n<hr \/>\n<h2 style=\"text-align: center;\"><\/h2>\n<div id=\"gtx-trans\" style=\"position: absolute; left: 567px; top: -1.08594px;\">\n<div class=\"gtx-trans-icon\"><\/div>\n<\/div>\n<\/div>\n<\/div><\/div><\/div><div id=\"panel-6-0-1-1\" class=\"so-panel widget widget_sow-editor\" data-index=\"1\" ><div class=\"panel-widget-style panel-widget-style-for-6-0-1-1\" ><div\n\t\t\t\n\t\t\tclass=\"so-widget-sow-editor so-widget-sow-editor-base\"\n\t\t\t\n\t\t>\n<div class=\"siteorigin-widget-tinymce textwidget\">\n\t<p class=\"p1\" style=\"padding-left: 40px;padding-right: 20px; text-align: justify; font-size:1em; color:#2C2C2C;\"><span style=\"font-size: 1.1em;\">Bienvenue chez Aeronautica, votre partenaire de choix pour tous vos besoins de recrutement et de consultance en Belgique.<br \/>\nNotre soci\u00e9t\u00e9 s\u2019engage \u00e0 vous accompagner dans votre d\u00e9marche en offrant des services de mise en disposition de personnel qualifi\u00e9 avec une approche sur mesure. Chez Aeronautica, nous comprenons l'importance de d\u00e9velopper une relation de confiance solide avec nos clients. C'est pourquoi nos \u00e9quipes d\u00e9di\u00e9es travaillent en \u00e9troite collaboration avec vous pour comprendre tous vos besoins sp\u00e9cifiques.<br \/>\nBien plus qu'un prestataire de services de recrutement, nous sommes un partenaire strat\u00e9gique qui contribue activement \u00e0 d\u00e9finir vos exigences techniques, de personnalit\u00e9, et de perspectives professionnelles.<\/span><\/p>\n<\/div>\n<\/div><\/div><\/div><div id=\"panel-6-0-1-2\" class=\"so-panel widget widget_sow-button panel-last-child\" data-index=\"2\" ><div\n\t\t\t\n\t\t\tclass=\"so-widget-sow-button so-widget-sow-button-flat-58a61ccf14e1-6\"\n\t\t\t\n\t\t><div class=\"ow-button-base ow-button-align-center\"\n>\n\t\t\t<a\n\t\t\t\t\thref=\"tel:32470055158\"\n\t\t\t\t\tclass=\"sowb-button ow-icon-placement-left ow-button-hover\" \t>\n\t\t<span>\n\t\t\t<span class=\"sow-icon-fontawesome sow-fas\" data-sow-icon=\"&#xf2a0;\"\n\t\tstyle=\"\" \n\t\taria-hidden=\"true\"><\/span>\n\t\t\tCONTACTEZ-NOUS\t\t<\/span>\n\t\t\t<\/a>\n\t<\/div>\n<\/div><\/div><\/div><div id=\"pgc-6-0-2\"  class=\"panel-grid-cell panel-grid-cell-empty\" ><\/div><\/div><\/div><div id=\"pg-6-1\"  class=\"panel-grid panel-has-style\" ><div class=\"siteorigin-panels-stretch panel-row-style panel-row-style-for-6-1\" data-stretch-type=\"full-width-stretch\" ><div id=\"pgc-6-1-0\"  class=\"panel-grid-cell panel-grid-cell-empty\" ><\/div><div id=\"pgc-6-1-1\"  class=\"panel-grid-cell panel-grid-cell-mobile-last\" ><div id=\"panel-6-1-1-0\" class=\"so-panel widget widget_sow-editor panel-first-child\" data-index=\"3\" ><div class=\"panel-widget-style panel-widget-style-for-6-1-1-0\" ><div\n\t\t\t\n\t\t\tclass=\"so-widget-sow-editor so-widget-sow-editor-base\"\n\t\t\t\n\t\t>\n<div class=\"siteorigin-widget-tinymce textwidget\">\n\t<h2 style=\"text-align: center;\"><span style=\"font-size: 42px; color: white;\">VOTRE TRAJECTOIRE VERS LE SUCCES<\/span><\/h2>\n<p>&nbsp;<\/p>\n<\/div>\n<\/div><\/div><\/div><div id=\"panel-6-1-1-1\" class=\"so-panel widget widget_sow-image panel-last-child\" data-index=\"4\" ><div\n\t\t\t\n\t\t\tclass=\"so-widget-sow-image so-widget-sow-image-default-c67d20f9f743-6\"\n\t\t\t\n\t\t>\n<div class=\"sow-image-container\">\n\t\t<img \n\tsrc=\"https:\/\/aeronautica.be\/wp-content\/uploads\/2018\/01\/logo-v2-web-white.png\" width=\"300\" height=\"70\" sizes=\"(max-width: 300px) 100vw, 300px\" alt=\"\" \t\tclass=\"so-widget-image\"\/>\n\t<\/div>\n\n<\/div><\/div><\/div><div id=\"pgc-6-1-2\"  class=\"panel-grid-cell panel-grid-cell-empty\" ><\/div><\/div><\/div><div id=\"pg-6-2\"  class=\"panel-grid panel-has-style\" ><div class=\"siteorigin-panels-stretch panel-row-style panel-row-style-for-6-2\" data-stretch-type=\"full-width-stretch\" ><div id=\"pgc-6-2-0\"  class=\"panel-grid-cell panel-grid-cell-empty\" ><\/div><div id=\"pgc-6-2-1\"  class=\"panel-grid-cell panel-grid-cell-mobile-last\" ><div id=\"panel-6-2-1-0\" class=\"so-panel widget widget_sow-editor panel-first-child\" data-index=\"5\" ><div class=\"panel-widget-style panel-widget-style-for-6-2-1-0\" ><div\n\t\t\t\n\t\t\tclass=\"so-widget-sow-editor so-widget-sow-editor-base\"\n\t\t\t\n\t\t>\n<div class=\"siteorigin-widget-tinymce textwidget\">\n\t<h2 style=\"text-align: center;\"><span style=\"font-size: 1.2em; font-family: 'book antiqua', palatino, serif; color:#2C2C2C;\">Vos besoins<\/span><\/h2>\n<hr \/>\n<h2 style=\"text-align: center;\"><\/h2>\n<div id=\"gtx-trans\" style=\"position: absolute; left: 665px; top: 67.4141px;\">\n<div class=\"gtx-trans-icon\"><\/div>\n<\/div>\n<\/div>\n<\/div><\/div><\/div><div id=\"panel-6-2-1-1\" class=\"so-panel widget widget_sow-editor\" data-index=\"6\" ><div class=\"panel-widget-style panel-widget-style-for-6-2-1-1\" ><div\n\t\t\t\n\t\t\tclass=\"so-widget-sow-editor so-widget-sow-editor-base\"\n\t\t\t\n\t\t>\n<div class=\"siteorigin-widget-tinymce textwidget\">\n\t<ul style=\"list-style-type: disc; font-size:1.1em; color:#2C2C2C;\">\n<li>Vous n\u2019avez pas le temps de recruter ?<\/li>\n<li>Vous pr\u00e9f\u00e9rez vous concentrer sur vos projets ?<\/li>\n<li>Vous avez besoin d\u2019un expert pour consolider votre \u00e9quipe\u00a0?<\/li>\n<li>Vous voulez renforcer votre \u00e9quipe temporairement ?<\/li>\n<li>Vous subissez un d\u00e9part impr\u00e9vu ?<\/li>\n<li>Vous craignez un recrutement non concluant\u00a0?<\/li>\n<li>Vous ne trouvez pas le profil qu\u2019il vous faut\u00a0?<\/li>\n<li>Le recrutement est chronophage pour votre entreprise\u00a0?<\/li>\n<\/ul>\n<\/div>\n<\/div><\/div><\/div><div id=\"panel-6-2-1-2\" class=\"so-panel widget widget_sow-editor panel-last-child\" data-index=\"7\" ><div class=\"panel-widget-style panel-widget-style-for-6-2-1-2\" ><div\n\t\t\t\n\t\t\tclass=\"so-widget-sow-editor so-widget-sow-editor-base\"\n\t\t\t\n\t\t>\n<div class=\"siteorigin-widget-tinymce textwidget\">\n\t<p style=\"text-align: justify;\"><span style=\"color: #ffffff;\"><strong>Aeronautica<\/strong> vous accompagne tout au long de votre d\u00e9marche de recrutement et de consultance pour de la mise \u00e0 disposition temporaire de personnels qualifi\u00e9s \u00e0 travers la Belgique.<\/span><\/p>\n<\/div>\n<\/div><\/div><\/div><\/div><div id=\"pgc-6-2-2\"  class=\"panel-grid-cell panel-grid-cell-empty\" ><\/div><\/div><\/div><div id=\"pg-6-3\"  class=\"panel-grid panel-has-style\" ><div class=\"siteorigin-panels-stretch panel-row-style panel-row-style-for-6-3\" data-stretch-type=\"full-width-stretch\" ><div id=\"pgc-6-3-0\"  class=\"panel-grid-cell panel-grid-cell-empty\" ><\/div><div id=\"pgc-6-3-1\"  class=\"panel-grid-cell panel-grid-cell-mobile-last\" ><div id=\"panel-6-3-1-0\" class=\"so-panel widget widget_sow-editor panel-first-child\" data-index=\"8\" ><div class=\"panel-widget-style panel-widget-style-for-6-3-1-0\" ><div\n\t\t\t\n\t\t\tclass=\"so-widget-sow-editor so-widget-sow-editor-base\"\n\t\t\t\n\t\t>\n<div class=\"siteorigin-widget-tinymce textwidget\">\n\t<h2 style=\"text-align: center;\"><span style=\"font-size: 1.2em; color:#FFFFFF;\">Notre proposition de valeur<\/span><\/h2>\n<hr \/>\n<h2 style=\"text-align: center;\"><\/h2>\n<\/div>\n<\/div><\/div><\/div><div id=\"panel-6-3-1-1\" class=\"so-panel widget widget_sow-editor panel-last-child\" data-index=\"9\" ><div class=\"panel-widget-style panel-widget-style-for-6-3-1-1\" ><div\n\t\t\t\n\t\t\tclass=\"so-widget-sow-editor so-widget-sow-editor-base\"\n\t\t\t\n\t\t>\n<div class=\"siteorigin-widget-tinymce textwidget\">\n\t<p style=\"text-align: left;color:#ffffff;\"><span style=\"font-size: 1.1em;\">Souhaitant d\u00e9velopper une relation de confiance, nos \u00e9quipes vous proposent un <strong>accompagnement sur-mesure<\/strong>.<\/span><\/p>\n<p style=\"text-align: left;color:#ffffff;\"><span style=\"font-size: 1.1em;\">Ensemble, nous contribuons \u00e0 d\u00e9finir vos besoins. Nous vous proposons des candidats en ad\u00e9quation avec <strong>vos requis techniques<\/strong>, <strong>de personnalit\u00e9<\/strong>, <strong>de perspectives professionnelles<\/strong> ainsi que des personnalit\u00e9s en phase avec la <strong>philosophie de votre soci\u00e9t\u00e9<\/strong>.<\/span><\/p>\n<p style=\"text-align: left;color:#ffffff;\"><span style=\"font-size: 1.1em;\"><strong>Vous avez des d\u00e9lais et des budgets<\/strong> \u00e0 garantir aupr\u00e8s de vos propres clients, nous l\u2019avons bien compris. C\u2019est pourquoi nous vous proposons une collaboration en ad\u00e9quation avec les <strong>challenges<\/strong> de votre secteur d\u2019activit\u00e9.<\/span><br \/>\n<span style=\"font-size: 1.1em;\">Pr\u00e9sent \u00e0 toutes les \u00e9tapes du recrutement, nous sommes \u00e9galement attentifs \u00e0 la <strong>r\u00e9ussite continue<\/strong> de votre nouvel employ\u00e9 et organisons ainsi r\u00e9guli\u00e8rement des rencontres tripartites (soci\u00e9t\u00e9, consultant et <strong>Aeronautica<\/strong>) afin de s'assurer de la <strong>satisfaction<\/strong> de mani\u00e8re commune.<\/span><\/p>\n<p style=\"text-align: left;color:#ffffff;\"><span style=\"font-size: 1.1em;\"><strong>Aeronautica<\/strong> emploie des <strong>professionnels passionn\u00e9s<\/strong>, qui aiment relever des d\u00e9fis et rendent nos clients plus <strong>performants<\/strong>. Nous souhaitons attirer les meilleurs talents et leur donner l'opportunit\u00e9 de s\u2019investir et de les accompagner dans leur mont\u00e9e en comp\u00e9tence et expertise. Mettant le bien-\u00eatre de nos consultants au c\u0153ur de nos pr\u00e9occupations, votre carri\u00e8re et vos envies d\u2019\u00e9volution sont suivies personnellement par notre \u00e9quipe.<\/span><\/p>\n<p style=\"text-align: left;color:#ffffff;\"><span style=\"font-size: 1.1em;\">Nous basons notre travail sur trois grands axes, une communication en toute <strong>transparence<\/strong> envers nos interlocuteurs afin de privil\u00e9gier une relation de partenariat ; une grande<strong> flexibilit\u00e9<\/strong> afin de rester toujours attentif \u00e0 vos attentes ; le maintien d\u2019une grande <strong>pertinence<\/strong> dans nos propositions.<\/span><\/p>\n<\/div>\n<\/div><\/div><\/div><\/div><div id=\"pgc-6-3-2\"  class=\"panel-grid-cell panel-grid-cell-empty\" ><\/div><\/div><\/div><div id=\"pg-6-4\"  class=\"panel-grid panel-has-style\" ><div class=\"siteorigin-panels-stretch panel-row-style panel-row-style-for-6-4\" data-stretch-type=\"full-width-stretch\" ><div id=\"pgc-6-4-0\"  class=\"panel-grid-cell panel-grid-cell-empty\" ><\/div><div id=\"pgc-6-4-1\"  class=\"panel-grid-cell panel-grid-cell-mobile-last\" ><div id=\"panel-6-4-1-0\" class=\"so-panel widget widget_sow-editor panel-first-child\" data-index=\"10\" ><div class=\"panel-widget-style panel-widget-style-for-6-4-1-0\" ><div\n\t\t\t\n\t\t\tclass=\"so-widget-sow-editor so-widget-sow-editor-base\"\n\t\t\t\n\t\t>\n<div class=\"siteorigin-widget-tinymce textwidget\">\n\t<h2 style=\"text-align: center;\"><span style=\"font-size: 1.2em; font-family: 'book antiqua', palatino, serif; color:black;\">Consultez nos derniers articles<\/span><\/h2>\n<hr \/>\n<h2 style=\"text-align: center;\"><\/h2>\n<div id=\"gtx-trans\" style=\"position: absolute; left: 992px; top: 67.4141px;\">\n<div class=\"gtx-trans-icon\"><\/div>\n<\/div>\n<\/div>\n<\/div><\/div><\/div><div id=\"panel-6-4-1-1\" class=\"so-panel widget widget_sow-editor panel-last-child\" data-index=\"11\" ><div class=\"panel-widget-style panel-widget-style-for-6-4-1-1\" ><div\n\t\t\t\n\t\t\tclass=\"so-widget-sow-editor so-widget-sow-editor-base\"\n\t\t\t\n\t\t>\n<div class=\"siteorigin-widget-tinymce textwidget\">\n\t<p class=\"p1\" style=\"text-align: center; font-size:1.1em;\">Plongez dans l'actualit\u00e9 dynamique d'Aeronautica. Restez connect\u00e9 avec les derni\u00e8res actualit\u00e9s et tendances d'Aeronautica pour une immersion totale dans notre univers.<\/p>\n<\/div>\n<\/div><\/div><\/div><\/div><div id=\"pgc-6-4-2\"  class=\"panel-grid-cell panel-grid-cell-empty\" ><\/div><\/div><\/div><div id=\"pg-6-5\"  class=\"panel-grid panel-has-style\" ><div class=\"siteorigin-panels-stretch panel-row-style panel-row-style-for-6-5\" data-stretch-type=\"full-width-stretch\" ><div id=\"pgc-6-5-0\"  class=\"panel-grid-cell\" ><div id=\"panel-6-5-0-0\" class=\"so-panel widget widget_sow-editor panel-first-child\" data-index=\"12\" ><div class=\"panel-widget-style panel-widget-style-for-6-5-0-0\" ><div\n\t\t\t\n\t\t\tclass=\"so-widget-sow-editor so-widget-sow-editor-base\"\n\t\t\t\n\t\t>\n<div class=\"siteorigin-widget-tinymce textwidget\">\n\t<h2 style=\"text-align: center;\"><span style=\"font-size: 0.6em; font-family: 'book antiqua', palatino, serif; text-transform:uppercase;color:black;\">Au C\u0153ur d'Aeronautica<\/span><\/h2>\n<hr \/>\n<h2 style=\"text-align: center;\"><\/h2>\n<div id=\"gtx-trans\" style=\"position: absolute; left: 992px; top: 67.4141px;\">\n<div class=\"gtx-trans-icon\"><\/div>\n<\/div>\n<\/div>\n<\/div><\/div><\/div><div id=\"panel-6-5-0-1\" class=\"so-panel widget widget_sow-editor\" data-index=\"13\" ><div class=\"panel-widget-style panel-widget-style-for-6-5-0-1\" ><div\n\t\t\t\n\t\t\tclass=\"so-widget-sow-editor so-widget-sow-editor-base\"\n\t\t\t\n\t\t>\n<div class=\"siteorigin-widget-tinymce textwidget\">\n\t<h2 style=\"text-align: center;\"><span style=\"font-size: 0.4em; font-family: 'book antiqua', palatino, serif;color:black;\">Un Voyage Ensemble<\/span><\/h2>\n<h2 style=\"text-align: center;\"><\/h2>\n<div id=\"gtx-trans\" style=\"position: absolute; left: 992px; top: 67.4141px;\">\n<div class=\"gtx-trans-icon\"><\/div>\n<\/div>\n<\/div>\n<\/div><\/div><\/div><div id=\"panel-6-5-0-2\" class=\"so-panel widget widget_media_video panel-last-child\" data-index=\"14\" ><div style=\"width:100%;\" class=\"wp-video\"><!--[if lt IE 9]><script>document.createElement('video');<\/script><![endif]-->\n<video class=\"wp-video-shortcode\" id=\"video-6-1\" preload=\"metadata\" controls=\"controls\"><source type=\"video\/mp4\" src=\"https:\/\/aeronautica.be\/wp-content\/uploads\/2022\/08\/Vid\u00e9o-Employ\u00e9.mp4?_=1\" \/><source type=\"video\/mp4\" src=\"https:\/\/aeronautica.be\/wp-content\/uploads\/2022\/08\/Vid\u00e9o-Employ\u00e9.mp4?_=1\" \/><a href=\"https:\/\/aeronautica.be\/wp-content\/uploads\/2022\/08\/Vid\u00e9o-Employ\u00e9.mp4\">https:\/\/aeronautica.be\/wp-content\/uploads\/2022\/08\/Vid\u00e9o-Employ\u00e9.mp4<\/a><\/video><\/div><\/div><\/div><div id=\"pgc-6-5-1\"  class=\"panel-grid-cell\" ><div id=\"panel-6-5-1-0\" class=\"so-panel widget widget_sow-editor panel-first-child\" data-index=\"15\" ><div class=\"panel-widget-style panel-widget-style-for-6-5-1-0\" ><div\n\t\t\t\n\t\t\tclass=\"so-widget-sow-editor so-widget-sow-editor-base\"\n\t\t\t\n\t\t>\n<div class=\"siteorigin-widget-tinymce textwidget\">\n\t<h2 style=\"text-align: center;\"><span style=\"font-size: 0.6em; font-family: 'book antiqua', palatino, serif;text-transform:uppercase; color:black; \">Vos Possibilit\u00e9s Chez Aeronautica<\/span><\/h2>\n<hr \/>\n<h2 style=\"text-align: center;\"><\/h2>\n<div id=\"gtx-trans\" style=\"position: absolute; left: 992px; top: 67.4141px;\">\n<div class=\"gtx-trans-icon\"><\/div>\n<\/div>\n<\/div>\n<\/div><\/div><\/div><div id=\"panel-6-5-1-1\" class=\"so-panel widget widget_sow-editor\" data-index=\"16\" ><div class=\"panel-widget-style panel-widget-style-for-6-5-1-1\" ><div\n\t\t\t\n\t\t\tclass=\"so-widget-sow-editor so-widget-sow-editor-base\"\n\t\t\t\n\t\t>\n<div class=\"siteorigin-widget-tinymce textwidget\">\n\t<h2 style=\"text-align: center;\"><span style=\"font-size: 0.4em; font-family: 'book antiqua', palatino, serif; color:black;\">L'Aventure Commence Ici<\/span><\/h2>\n<h2 style=\"text-align: center;\"><\/h2>\n<div id=\"gtx-trans\" style=\"position: absolute; left: 992px; top: 67.4141px;\">\n<div class=\"gtx-trans-icon\"><\/div>\n<\/div>\n<\/div>\n<\/div><\/div><\/div><div id=\"panel-6-5-1-2\" class=\"so-panel widget widget_media_video panel-last-child\" data-index=\"17\" ><div style=\"width:100%;\" class=\"wp-video\"><video class=\"wp-video-shortcode\" id=\"video-6-2\" preload=\"metadata\" controls=\"controls\"><source type=\"video\/mp4\" src=\"https:\/\/aeronautica.be\/wp-content\/uploads\/2022\/08\/Video-candidat.mp4?_=2\" \/><source type=\"video\/mp4\" src=\"https:\/\/aeronautica.be\/wp-content\/uploads\/2022\/08\/Video-candidat.mp4?_=2\" \/><a href=\"https:\/\/aeronautica.be\/wp-content\/uploads\/2022\/08\/Video-candidat.mp4\">https:\/\/aeronautica.be\/wp-content\/uploads\/2022\/08\/Video-candidat.mp4<\/a><\/video><\/div><\/div><\/div><\/div><\/div><\/div>","protected":false},"excerpt":{"rendered":"<p>Notre engagement Bienvenue chez Aeronautica, votre partenaire de choix pour tous vos besoins de recrutement et de consultance en Belgique. Notre soci\u00e9t\u00e9 s\u2019engage \u00e0 vous accompagner dans votre d\u00e9marche en offrant des services de mise en disposition de personnel qualifi\u00e9 avec une approche sur mesure. Chez Aeronautica, nous comprenons l&#8217;importance de d\u00e9velopper une relation de&hellip; <br \/> <a class=\"read-more\" href=\"https:\/\/aeronautica.be\/en\/\">Read more<\/a><\/p>\n","protected":false},"author":1,"featured_media":0,"parent":0,"menu_order":0,"comment_status":"closed","ping_status":"closed","template":"page-templates\/homepage.php","meta":{"footnotes":""},"class_list":["post-6","page","type-page","status-publish","hentry"],"translation":{"provider":"WPGlobus","version":"3.0.2","language":"en","enabled_languages":["fr","en","nl"],"languages":{"fr":{"title":true,"content":false,"excerpt":false},"en":{"title":true,"content":false,"excerpt":false},"nl":{"title":true,"content":false,"excerpt":false}}},"_links":{"self":[{"href":"https:\/\/aeronautica.be\/en\/wp-json\/wp\/v2\/pages\/6","targetHints":{"allow":["GET"]}}],"collection":[{"href":"https:\/\/aeronautica.be\/en\/wp-json\/wp\/v2\/pages"}],"about":[{"href":"https:\/\/aeronautica.be\/en\/wp-json\/wp\/v2\/types\/page"}],"author":[{"embeddable":true,"href":"https:\/\/aeronautica.be\/en\/wp-json\/wp\/v2\/users\/1"}],"replies":[{"embeddable":true,"href":"https:\/\/aeronautica.be\/en\/wp-json\/wp\/v2\/comments?post=6"}],"version-history":[{"count":606,"href":"https:\/\/aeronautica.be\/en\/wp-json\/wp\/v2\/pages\/6\/revisions"}],"predecessor-version":[{"id":3906,"href":"https:\/\/aeronautica.be\/en\/wp-json\/wp\/v2\/pages\/6\/revisions\/3906"}],"wp:attachment":[{"href":"https:\/\/aeronautica.be\/en\/wp-json\/wp\/v2\/media?parent=6"}],"curies":[{"name":"wp","href":"https:\/\/api.w.org\/{rel}","templated":true}]}}