{"id":38,"date":"2018-01-24T12:18:29","date_gmt":"2018-01-24T11:18:29","guid":{"rendered":"https:\/\/aeronautica.be\/?page_id=38"},"modified":"2025-10-28T16:49:50","modified_gmt":"2025-10-28T15:49:50","slug":"activites","status":"publish","type":"page","link":"https:\/\/aeronautica.be\/en\/activites\/","title":{"rendered":"Activities"},"content":{"rendered":"<div id=\"pl-38\"  class=\"panel-layout\" ><div id=\"pg-38-0\"  class=\"panel-grid panel-no-style\" ><div id=\"pgc-38-0-0\"  class=\"panel-grid-cell panel-grid-cell-empty\" ><\/div><div id=\"pgc-38-0-1\"  class=\"panel-grid-cell panel-grid-cell-mobile-last\" ><div id=\"panel-38-0-1-0\" class=\"so-panel widget widget_text panel-first-child\" data-index=\"0\" >\t\t\t<div class=\"textwidget\"><h1 style=\"font-size: 2.4em; color: #2C2C2C; text-align: center; font-family: helvetica, arial, sans-serif;\">Notre R\u00e9seau \u00c9tendu<\/h1>\n<hr \/>\n<h2 style=\"font-size: 2em; text-align: center; color: #2C2C2C; font-family: helvetica, arial, sans-serif;\">Une Porte Ouverte sur la Diversit\u00e9 Industrielle<\/h2>\n<\/div>\n\t\t<\/div><div id=\"panel-38-0-1-1\" class=\"so-panel widget widget_text\" data-index=\"1\" >\t\t\t<div class=\"textwidget\"><p style=\"font-size: 1em; color: #2C2C2C; text-align: left; font-family: helvetica, arial, sans-serif;\">Chez Aeronautica, notre force r\u00e9side dans la richesse et la diversit\u00e9 de notre r\u00e9seau professionnel. Forts de solides alliances tiss\u00e9es au fil des ans, nous avons \u00e9tabli notre pr\u00e9sence dans un \u00e9ventail vari\u00e9 d&#8217;industries strat\u00e9giques. De l&#8217;a\u00e9ronautique et spatial \u00e0 la d\u00e9fense et s\u00e9curit\u00e9, en passant par l&#8217;automobile, la ferroviaire, le naval, l&#8217;\u00e9lectronique, l&#8217;informatique, l&#8217;\u00e9nergie, jusqu&#8217;\u00e0 la construction, notre r\u00e9seau s&#8217;\u00e9tend sur un panorama complet.<\/p>\n<\/div>\n\t\t<\/div><div id=\"panel-38-0-1-2\" class=\"so-panel widget widget_text panel-last-child\" data-index=\"2\" >\t\t\t<div class=\"textwidget\"><p style=\"font-size: 1em; color: #2C2C2C; text-align: left; font-family: helvetica, arial, sans-serif;\">Cette polyvalence sectorielle nous permet de comprendre les nuances sp\u00e9cifiques de chaque industrie, d&#8217;anticiper les besoins changeants, et d&#8217;offrir des solutions de recrutement et de consultance adapt\u00e9es \u00e0 chaque contexte. Nous sommes fiers de notre capacit\u00e9 \u00e0 connecter les talents aux opportunit\u00e9s dans des secteurs aussi vari\u00e9s, contribuant ainsi \u00e0 fa\u00e7onner des \u00e9quipes performantes et \u00e0 propulser la croissance de nos partenaires.<\/p>\n<\/div>\n\t\t<\/div><\/div><div id=\"pgc-38-0-2\"  class=\"panel-grid-cell panel-grid-cell-empty\" ><\/div><\/div><div id=\"pg-38-1\"  class=\"panel-grid panel-no-style\" ><div id=\"pgc-38-1-0\"  class=\"panel-grid-cell panel-grid-cell-empty\" ><\/div><div id=\"pgc-38-1-1\"  class=\"panel-grid-cell\" ><div id=\"panel-38-1-1-0\" class=\"so-panel widget widget_sow-editor panel-first-child panel-last-child\" data-index=\"3\" ><div class=\"so-rounded panel-widget-style panel-widget-style-for-38-1-1-0\" ><div\n\t\t\t\n\t\t\tclass=\"so-widget-sow-editor so-widget-sow-editor-base\"\n\t\t\t\n\t\t>\n<div class=\"siteorigin-widget-tinymce textwidget\">\n\t<p style=\"text-align: left; font-size: 1em; color: #2C2C2C; font-family: helvetica, arial, sans-serif;\">\nAeronautica excelle dans divers secteurs d'activit\u00e9s, couvrant un large \u00e9ventail de domaines d'expertise.<\/p>\n<\/div>\n<\/div><\/div><\/div><\/div><div id=\"pgc-38-1-2\"  class=\"panel-grid-cell panel-grid-cell-mobile-last\" ><div id=\"panel-38-1-2-0\" class=\"so-panel widget widget_cl-popup widget-cl-popup panel-first-child panel-last-child\" data-index=\"4\" ><div class=\"cl-popup align_center\"><a href=\"javascript:void(0)\" class=\"cl-popup-trigger type_image\"><img loading=\"lazy\" decoding=\"async\" width=\"727\" height=\"734\" src=\"https:\/\/aeronautica.be\/wp-content\/uploads\/2018\/01\/aeronautica-activit\u00e9s.jpg\" class=\"attachment-large size-large\" alt=\"\" srcset=\"https:\/\/aeronautica.be\/wp-content\/uploads\/2018\/01\/aeronautica-activit\u00e9s.jpg 727w, https:\/\/aeronautica.be\/wp-content\/uploads\/2018\/01\/aeronautica-activit\u00e9s-150x150.jpg 150w, https:\/\/aeronautica.be\/wp-content\/uploads\/2018\/01\/aeronautica-activit\u00e9s-297x300.jpg 297w, https:\/\/aeronautica.be\/wp-content\/uploads\/2018\/01\/aeronautica-activit\u00e9s-64x64.jpg 64w\" sizes=\"auto, (max-width: 727px) 100vw, 727px\" \/><\/a><div class=\"cl-popup-overlay\" style=\"background-color:rgba(0,0,0,0.75);\"><\/div><div class=\"cl-popup-wrap\"><div class=\"cl-popup-box size_f animation_fadeIn\"><div class=\"cl-popup-box-h\"><div class=\"cl-popup-box-content\" style=\"color:#333333;background-color:#ffffff;\"><p><img loading=\"lazy\" decoding=\"async\" class=\"sg-popup-id-2232 aligncenter\" src=\"https:\/\/aeronautica.be\/wp-content\/uploads\/2018\/01\/aeronautica-activit\u00e9s.jpg\" alt=\"\" width=\"720\" height=\"720\" \/><\/p><\/div><div class=\"cl-popup-box-closer\"><\/div><\/div><\/div><div class=\"cl-popup-closer\"><\/div><\/div><\/div><\/div><\/div><div id=\"pgc-38-1-3\"  class=\"panel-grid-cell panel-grid-cell-empty\" ><\/div><\/div><div id=\"pg-38-2\"  class=\"panel-grid panel-no-style\" ><div id=\"pgc-38-2-0\"  class=\"panel-grid-cell panel-grid-cell-empty\" ><\/div><div id=\"pgc-38-2-1\"  class=\"panel-grid-cell panel-grid-cell-mobile-last\" ><div id=\"panel-38-2-1-0\" class=\"so-panel widget widget_text panel-first-child panel-last-child\" data-index=\"5\" >\t\t\t<div class=\"textwidget\"><p style=\"font-size: 1em; color: #2C2C2C; text-align: left; font-family: helvetica, arial, sans-serif;\">Que vous soyez un professionnel \u00e0 la recherche d&#8217;opportunit\u00e9s excitantes ou une entreprise cherchant \u00e0 renforcer votre \u00e9quipe, notre r\u00e9seau diversifi\u00e9 est votre atout cl\u00e9. Explorez avec nous les opportunit\u00e9s uniques que chaque industrie offre et d\u00e9couvrez comment Aeronautica peut \u00eatre le partenaire qui vous guide vers le succ\u00e8s, quelle que soit votre sph\u00e8re d&#8217;activit\u00e9.<\/p>\n<\/div>\n\t\t<\/div><\/div><div id=\"pgc-38-2-2\"  class=\"panel-grid-cell panel-grid-cell-empty\" ><\/div><\/div><div id=\"pg-38-3\"  class=\"panel-grid panel-no-style\" ><div id=\"pgc-38-3-0\"  class=\"panel-grid-cell panel-grid-cell-empty\" ><\/div><div id=\"pgc-38-3-1\"  class=\"panel-grid-cell panel-grid-cell-empty\" ><\/div><div id=\"pgc-38-3-2\"  class=\"panel-grid-cell panel-grid-cell-mobile-last\" ><div id=\"panel-38-3-2-0\" class=\"so-panel widget widget_cl-popup widget-cl-popup panel-first-child panel-last-child\" data-index=\"6\" ><div class=\"cl-popup align_center\"><a href=\"javascript:void(0)\" class=\"cl-popup-trigger type_image\"><img loading=\"lazy\" decoding=\"async\" width=\"771\" height=\"758\" src=\"https:\/\/aeronautica.be\/wp-content\/uploads\/2018\/01\/aeronautica-fonction-2.jpg\" class=\"attachment-large size-large\" alt=\"\" srcset=\"https:\/\/aeronautica.be\/wp-content\/uploads\/2018\/01\/aeronautica-fonction-2.jpg 771w, https:\/\/aeronautica.be\/wp-content\/uploads\/2018\/01\/aeronautica-fonction-2-300x295.jpg 300w, https:\/\/aeronautica.be\/wp-content\/uploads\/2018\/01\/aeronautica-fonction-2-768x755.jpg 768w, https:\/\/aeronautica.be\/wp-content\/uploads\/2018\/01\/aeronautica-fonction-2-64x64.jpg 64w\" sizes=\"auto, (max-width: 771px) 100vw, 771px\" \/><\/a><div class=\"cl-popup-overlay\" style=\"background-color:rgba(0,0,0,0.75);\"><\/div><div class=\"cl-popup-wrap\"><div class=\"cl-popup-box size_f animation_fadeIn\"><div class=\"cl-popup-box-h\"><div class=\"cl-popup-box-content\" style=\"color:#333333;background-color:#ffffff;\"><p><img loading=\"lazy\" decoding=\"async\" class=\"wp-image-314  aligncenter\" src=\"https:\/\/aeronautica.be\/wp-content\/uploads\/2018\/01\/aeronautica-fonction-2.jpg\" alt=\"\" width=\"720\" height=\"720\" srcset=\"https:\/\/aeronautica.be\/wp-content\/uploads\/2018\/01\/aeronautica-fonction-2-150x150.jpg 150w, https:\/\/aeronautica.be\/wp-content\/uploads\/2018\/01\/aeronautica-fonction-2-640x640.jpg 640w, https:\/\/aeronautica.be\/wp-content\/uploads\/2018\/01\/aeronautica-fonction-2-64x64.jpg 64w\" sizes=\"auto, (max-width: 720px) 100vw, 720px\" \/><\/p><\/div><div class=\"cl-popup-box-closer\"><\/div><\/div><\/div><div class=\"cl-popup-closer\"><\/div><\/div><\/div><\/div><\/div><div id=\"pgc-38-3-3\"  class=\"panel-grid-cell panel-grid-cell-empty\" ><\/div><\/div><div id=\"pg-38-4\"  class=\"panel-grid panel-no-style\" ><div id=\"pgc-38-4-0\"  class=\"panel-grid-cell panel-grid-cell-empty\" ><\/div><div id=\"pgc-38-4-1\"  class=\"panel-grid-cell panel-grid-cell-mobile-last\" ><div id=\"panel-38-4-1-0\" class=\"so-panel widget widget_text panel-first-child\" data-index=\"7\" >\t\t\t<div class=\"textwidget\"><p style=\"font-size: 1em; color: #2C2C2C; text-align: left; font-family: helvetica, arial, sans-serif;\">Si vous aspirez \u00e0 l&#8217;excellence, collaborez avec les meilleurs. Chez Aeronautica, nous vous offrons l&#8217;opportunit\u00e9 de travailler avec une \u00e9quipe d&#8217;experts passionn\u00e9s, qualifi\u00e9s et performants.<\/p>\n<\/div>\n\t\t<\/div><div id=\"panel-38-4-1-1\" class=\"so-panel widget widget_sow-button\" data-index=\"8\" ><div\n\t\t\t\n\t\t\tclass=\"so-widget-sow-button so-widget-sow-button-flat-067ca3325fde-38\"\n\t\t\t\n\t\t><div class=\"ow-button-base ow-button-align-center\"\n>\n\t\t\t<a\n\t\t\t\t\thref=\"tel:+32470055158\"\n\t\t\t\t\tclass=\"sowb-button ow-icon-placement-left ow-button-hover\" \t>\n\t\t<span>\n\t\t\t<span class=\"sow-icon-materialicons sowm-regular\" data-sow-icon=\"&#xe61d\"\n\t\tstyle=\"\" \n\t\taria-hidden=\"true\"><\/span>\n\t\t\tCONTACTEZ-NOUS MAINTENANT\t\t<\/span>\n\t\t\t<\/a>\n\t<\/div>\n<\/div><\/div><div id=\"panel-38-4-1-2\" class=\"so-panel widget widget_sow-button\" data-index=\"9\" ><div\n\t\t\t\n\t\t\tclass=\"so-widget-sow-button so-widget-sow-button-flat-2818fd5d81d0-38\"\n\t\t\t\n\t\t><div class=\"ow-button-base ow-button-align-center\"\n>\n\t\t\t<a\n\t\t\t\t\thref=\"https:\/\/app.beehire.com\/career\/aeronautica#!#%23career__jobs\"\n\t\t\t\t\tclass=\"sowb-button ow-icon-placement-left ow-button-hover\" \t>\n\t\t<span>\n\t\t\t\n\t\t\tACC\u00c9DEZ \u00c0 TOUTES NOS OFFRES D'EMPLOI\t\t<\/span>\n\t\t\t<\/a>\n\t<\/div>\n<\/div><\/div><div id=\"panel-38-4-1-3\" class=\"so-panel widget widget_sow-image\" data-index=\"10\" ><div\n\t\t\t\n\t\t\tclass=\"so-widget-sow-image so-widget-sow-image-default-c67d20f9f743-38\"\n\t\t\t\n\t\t>\n<div class=\"sow-image-container\">\n\t\t<img \n\tsrc=\"https:\/\/aeronautica.be\/wp-content\/uploads\/2023\/11\/logoBleu-300x70.png\" width=\"200\" height=\"47\" srcset=\"https:\/\/aeronautica.be\/wp-content\/uploads\/2023\/11\/logoBleu-300x70.png 300w, https:\/\/aeronautica.be\/wp-content\/uploads\/2023\/11\/logoBleu.png 465w\" sizes=\"(max-width: 200px) 100vw, 200px\" alt=\"logo aeronautica\" \t\tclass=\"so-widget-image\"\/>\n\t<\/div>\n\n<\/div><\/div><div id=\"panel-38-4-1-4\" class=\"so-panel widget widget_text panel-last-child\" data-index=\"11\" >\t\t\t<div class=\"textwidget\"><p style=\"text-align: center;\">Voir notre\u00a0 \t\t<a\t\t\t\thref=\"javascript:void(0)\"\r\n\t\t\t\tclass=\"sgpb-show-popup sgpb-popup-id-1\"\r\n\t\tdata-sgpbpopupid=\"1\"\r\n\t\tdata-popup-event=\"click\"\r\n\t\t>\r\n\t\tpolitique de confidentialit\u00e9\t\t<\/a>\r\n\t\t<\/p>\n<\/div>\n\t\t<\/div><\/div><div id=\"pgc-38-4-2\"  class=\"panel-grid-cell panel-grid-cell-empty\" ><\/div><\/div><\/div>","protected":false},"excerpt":{"rendered":"<p>Notre R\u00e9seau \u00c9tendu Une Porte Ouverte sur la Diversit\u00e9 Industrielle Chez Aeronautica, notre force r\u00e9side dans la richesse et la diversit\u00e9 de notre r\u00e9seau professionnel. Forts de solides alliances tiss\u00e9es au fil des ans, nous avons \u00e9tabli notre pr\u00e9sence dans un \u00e9ventail vari\u00e9 d&#8217;industries strat\u00e9giques. De l&#8217;a\u00e9ronautique et spatial \u00e0 la d\u00e9fense et s\u00e9curit\u00e9, en&hellip; <br \/> <a class=\"read-more\" href=\"https:\/\/aeronautica.be\/en\/activites\/\">Read more<\/a><\/p>\n","protected":false},"author":1,"featured_media":3525,"parent":0,"menu_order":0,"comment_status":"closed","ping_status":"closed","template":"","meta":{"footnotes":""},"class_list":["post-38","page","type-page","status-publish","has-post-thumbnail","hentry"],"translation":{"provider":"WPGlobus","version":"3.0.2","language":"en","enabled_languages":["fr","en","nl"],"languages":{"fr":{"title":true,"content":true,"excerpt":false},"en":{"title":true,"content":false,"excerpt":false},"nl":{"title":true,"content":false,"excerpt":false}}},"_links":{"self":[{"href":"https:\/\/aeronautica.be\/en\/wp-json\/wp\/v2\/pages\/38","targetHints":{"allow":["GET"]}}],"collection":[{"href":"https:\/\/aeronautica.be\/en\/wp-json\/wp\/v2\/pages"}],"about":[{"href":"https:\/\/aeronautica.be\/en\/wp-json\/wp\/v2\/types\/page"}],"author":[{"embeddable":true,"href":"https:\/\/aeronautica.be\/en\/wp-json\/wp\/v2\/users\/1"}],"replies":[{"embeddable":true,"href":"https:\/\/aeronautica.be\/en\/wp-json\/wp\/v2\/comments?post=38"}],"version-history":[{"count":145,"href":"https:\/\/aeronautica.be\/en\/wp-json\/wp\/v2\/pages\/38\/revisions"}],"predecessor-version":[{"id":3749,"href":"https:\/\/aeronautica.be\/en\/wp-json\/wp\/v2\/pages\/38\/revisions\/3749"}],"wp:featuredmedia":[{"embeddable":true,"href":"https:\/\/aeronautica.be\/en\/wp-json\/wp\/v2\/media\/3525"}],"wp:attachment":[{"href":"https:\/\/aeronautica.be\/en\/wp-json\/wp\/v2\/media?parent=38"}],"curies":[{"name":"wp","href":"https:\/\/api.w.org\/{rel}","templated":true}]}}