{"id":3776,"date":"2023-12-15T13:44:45","date_gmt":"2023-12-15T12:44:45","guid":{"rendered":"https:\/\/aeronautica.be\/?page_id=3776"},"modified":"2024-01-02T14:04:43","modified_gmt":"2024-01-02T13:04:43","slug":"precedentes-newsletter","status":"publish","type":"page","link":"https:\/\/aeronautica.be\/en\/precedentes-newsletter\/","title":{"rendered":"Contact"},"content":{"rendered":"<div id=\"pl-3776\"  class=\"panel-layout\" ><div id=\"pg-3776-0\"  class=\"panel-grid panel-no-style\" ><div id=\"pgc-3776-0-0\"  class=\"panel-grid-cell panel-grid-cell-empty\" ><\/div><div id=\"pgc-3776-0-1\"  class=\"panel-grid-cell panel-grid-cell-mobile-last\" ><div id=\"panel-3776-0-1-0\" class=\"so-panel widget widget_text panel-first-child\" data-index=\"0\" >\t\t\t<div class=\"textwidget\"><p style=\"font-size: 2.4em; text-align: center; line-height: 1.5em; color: black;\">Consultez nos pr\u00e9c\u00e9dentes informations<\/p>\n<hr \/>\n<\/div>\n\t\t<\/div><div id=\"panel-3776-0-1-1\" class=\"so-panel widget widget_text panel-last-child\" data-index=\"1\" >\t\t\t<div class=\"textwidget\"><p style=\"text-align: left; color: #2c2c2c; font-size: 1em;\">Explorez notre richesse d&#8217;informations \u00e0 travers nos newsletters soigneusement class\u00e9es par date, offrant ainsi une chronologie captivante de nos actualit\u00e9s, \u00e9volutions et r\u00e9ussites au fil du temps.<\/p>\n<\/div>\n\t\t<\/div><\/div><div id=\"pgc-3776-0-2\"  class=\"panel-grid-cell panel-grid-cell-empty\" ><\/div><\/div><div id=\"pg-3776-1\"  class=\"panel-grid panel-no-style\" ><div id=\"pgc-3776-1-0\"  class=\"panel-grid-cell\" ><div id=\"panel-3776-1-0-0\" class=\"so-panel widget widget_media_image panel-first-child\" data-index=\"2\" ><a href=\"https:\/\/aeronautica.be\/newsletter-ete-2021\/\"><img loading=\"lazy\" decoding=\"async\" width=\"150\" height=\"150\" src=\"https:\/\/aeronautica.be\/wp-content\/uploads\/2023\/12\/ete2021-150x150.png\" class=\"image wp-image-3866  attachment-thumbnail size-thumbnail\" alt=\"\" style=\"max-width: 100%; height: auto;\" srcset=\"https:\/\/aeronautica.be\/wp-content\/uploads\/2023\/12\/ete2021-150x150.png 150w, https:\/\/aeronautica.be\/wp-content\/uploads\/2023\/12\/ete2021-64x64.png 64w\" sizes=\"auto, (max-width: 150px) 100vw, 150px\" \/><\/a><\/div><div id=\"panel-3776-1-0-1\" class=\"so-panel widget widget_text panel-last-child\" data-index=\"3\" >\t\t\t<div class=\"textwidget\"><h3 style=\"text-align: center; color: #2c2c2c;\"><a href=\"https:\/\/aeronautica.be\/newsletter-ete-2021\/\">\u00c9t\u00e9 2021<\/a><\/h3>\n<p style=\"text-align: center; color: #2c2c2c; font-size: 1em;\">Recrutez sans h\u00e9siter, les opportunit\u00e9s du march\u00e9 de l&#8217;emploi Belge regroup\u00e9 dans un seul article.<\/p>\n<\/div>\n\t\t<\/div><\/div><div id=\"pgc-3776-1-1\"  class=\"panel-grid-cell\" ><div id=\"panel-3776-1-1-0\" class=\"so-panel widget widget_media_image panel-first-child\" data-index=\"4\" ><a href=\"https:\/\/aeronautica.be\/newsletter-printemps-2021\/\"><img loading=\"lazy\" decoding=\"async\" width=\"150\" height=\"150\" src=\"https:\/\/aeronautica.be\/wp-content\/uploads\/2023\/12\/printemps2021-150x150.png\" class=\"image wp-image-3871  attachment-thumbnail size-thumbnail\" alt=\"\" style=\"max-width: 100%; height: auto;\" srcset=\"https:\/\/aeronautica.be\/wp-content\/uploads\/2023\/12\/printemps2021-150x150.png 150w, https:\/\/aeronautica.be\/wp-content\/uploads\/2023\/12\/printemps2021-64x64.png 64w\" sizes=\"auto, (max-width: 150px) 100vw, 150px\" \/><\/a><\/div><div id=\"panel-3776-1-1-1\" class=\"so-panel widget widget_text panel-last-child\" data-index=\"5\" >\t\t\t<div class=\"textwidget\"><h3 style=\"text-align: center;\"><a href=\"https:\/\/aeronautica.be\/newsletter-printemps-2021\/\">Printemps 2021<\/a><\/h3>\n<p style=\"text-align: center; color: #2c2c2c; font-size: 1em;\">Retrouvez notre newsletter d&#8217;\u00e9t\u00e9 2022, le d\u00e9fi su recrutement dans l&#8217;industrie : Trouvez le bon talent.<\/p>\n<\/div>\n\t\t<\/div><\/div><div id=\"pgc-3776-1-2\"  class=\"panel-grid-cell\" ><div id=\"panel-3776-1-2-0\" class=\"so-panel widget widget_media_image panel-first-child\" data-index=\"6\" ><a href=\"https:\/\/aeronautica.be\/newsletter-hiver-2020\/\"><img loading=\"lazy\" decoding=\"async\" width=\"150\" height=\"150\" src=\"https:\/\/aeronautica.be\/wp-content\/uploads\/2023\/12\/hiver2020-150x150.png\" class=\"image wp-image-3870  attachment-thumbnail size-thumbnail\" alt=\"\" style=\"max-width: 100%; height: auto;\" srcset=\"https:\/\/aeronautica.be\/wp-content\/uploads\/2023\/12\/hiver2020-150x150.png 150w, https:\/\/aeronautica.be\/wp-content\/uploads\/2023\/12\/hiver2020-64x64.png 64w\" sizes=\"auto, (max-width: 150px) 100vw, 150px\" \/><\/a><\/div><div id=\"panel-3776-1-2-1\" class=\"so-panel widget widget_text panel-last-child\" data-index=\"7\" >\t\t\t<div class=\"textwidget\"><h3 style=\"text-align: center; color: #2c2c2c;\"><a href=\"https:\/\/aeronautica.be\/newsletter-hiver-2020\/\">Hiver 2020<\/a><\/h3>\n<p style=\"text-align: center; color: #2c2c2c; font-size: 1em;\">Surfez sur les nouvelles technologies et d\u00e9couvrez la flexibilit\u00e9 du professionnel du futur au sein de cet article d&#8217;hiver 2020.<\/p>\n<\/div>\n\t\t<\/div><\/div><\/div><div id=\"pg-3776-2\"  class=\"panel-grid panel-no-style\" ><div id=\"pgc-3776-2-0\"  class=\"panel-grid-cell\" ><div id=\"panel-3776-2-0-0\" class=\"so-panel widget widget_media_image panel-first-child\" data-index=\"8\" ><a href=\"https:\/\/aeronautica.be\/newsletter-ete-2020\/\"><img loading=\"lazy\" decoding=\"async\" width=\"150\" height=\"150\" src=\"https:\/\/aeronautica.be\/wp-content\/uploads\/2023\/12\/ete2020-150x150.png\" class=\"image wp-image-3865  attachment-thumbnail size-thumbnail\" alt=\"\" style=\"max-width: 100%; height: auto;\" srcset=\"https:\/\/aeronautica.be\/wp-content\/uploads\/2023\/12\/ete2020-150x150.png 150w, https:\/\/aeronautica.be\/wp-content\/uploads\/2023\/12\/ete2020-64x64.png 64w\" sizes=\"auto, (max-width: 150px) 100vw, 150px\" \/><\/a><\/div><div id=\"panel-3776-2-0-1\" class=\"so-panel widget widget_text panel-last-child\" data-index=\"9\" >\t\t\t<div class=\"textwidget\"><h3 style=\"text-align: center; color: #2c2c2c;\"><a href=\"https:\/\/aeronautica.be\/newsletter-ete-2020\/\">\u00c9t\u00e9 2020<\/a><\/h3>\n<p style=\"text-align: center; color: #2c2c2c; font-size: 1em;\">Cet article d&#8217;\u00e9t\u00e9 2020 s&#8217;intitule &#8220;C\u00e9l\u00e9brons la Richesse de la Diversit\u00e9 : L&#8217;Inclusion au travail&#8221;.<\/p>\n<p style=\"text-align: center; color: #2c2c2c; font-size: 1em;\">.<\/p>\n<\/div>\n\t\t<\/div><\/div><div id=\"pgc-3776-2-1\"  class=\"panel-grid-cell\" ><div id=\"panel-3776-2-1-0\" class=\"so-panel widget widget_media_image panel-first-child\" data-index=\"10\" ><a href=\"https:\/\/aeronautica.be\/naviguer-dans-le-monde-du-travail-moderne\/\"><img loading=\"lazy\" decoding=\"async\" width=\"150\" height=\"150\" src=\"https:\/\/aeronautica.be\/wp-content\/uploads\/2023\/12\/hiver2019-150x150.png\" class=\"image wp-image-3869  attachment-thumbnail size-thumbnail\" alt=\"\" style=\"max-width: 100%; height: auto;\" srcset=\"https:\/\/aeronautica.be\/wp-content\/uploads\/2023\/12\/hiver2019-150x150.png 150w, https:\/\/aeronautica.be\/wp-content\/uploads\/2023\/12\/hiver2019-64x64.png 64w\" sizes=\"auto, (max-width: 150px) 100vw, 150px\" \/><\/a><\/div><div id=\"panel-3776-2-1-1\" class=\"so-panel widget widget_text panel-last-child\" data-index=\"11\" >\t\t\t<div class=\"textwidget\"><h3 style=\"text-align: center;\"><a href=\"https:\/\/aeronautica.be\/naviguer-dans-le-monde-du-travail-moderne\/\">Hiver 2019<\/a><\/h3>\n<p style=\"text-align: center; color: #2c2c2c; font-size: 1em;\">Retrouvez notre newsletter d&#8217;hiver 2019 avec notre th\u00e9matique &#8220;Naviguer dans le monde du travail moderne : L&#8217;importance de la flexibilit\u00e9&#8221;<\/p>\n<p style=\"text-align: center; color: #2c2c2c; font-size: 1em;\">.<\/p>\n<\/div>\n\t\t<\/div><\/div><div id=\"pgc-3776-2-2\"  class=\"panel-grid-cell\" ><div id=\"panel-3776-2-2-0\" class=\"so-panel widget widget_media_image panel-first-child\" data-index=\"12\" ><a href=\"https:\/\/aeronautica.be\/travailler-heureux\/\"><img loading=\"lazy\" decoding=\"async\" width=\"150\" height=\"150\" src=\"https:\/\/aeronautica.be\/wp-content\/uploads\/2023\/12\/ete2019-150x150.png\" class=\"image wp-image-3864  attachment-thumbnail size-thumbnail\" alt=\"\" style=\"max-width: 100%; height: auto;\" srcset=\"https:\/\/aeronautica.be\/wp-content\/uploads\/2023\/12\/ete2019-150x150.png 150w, https:\/\/aeronautica.be\/wp-content\/uploads\/2023\/12\/ete2019-64x64.png 64w\" sizes=\"auto, (max-width: 150px) 100vw, 150px\" \/><\/a><\/div><div id=\"panel-3776-2-2-1\" class=\"so-panel widget widget_text panel-last-child\" data-index=\"13\" >\t\t\t<div class=\"textwidget\"><h3 style=\"text-align: center; color: #2c2c2c;\"><a href=\"https:\/\/aeronautica.be\/travailler-heureux\/\">Printemps 2019<\/a><\/h3>\n<p style=\"text-align: center; color: #2c2c2c; font-size: 1em;\">Retrouvez notre newsletter du printemps 2019 sur le th\u00e8me Travailler heureux<br \/>\nLes cl\u00e9s du bien-\u00eatre au travail<\/p>\n<\/div>\n\t\t<\/div><\/div><\/div><div id=\"pg-3776-3\"  class=\"panel-grid panel-no-style\" ><div id=\"pgc-3776-3-0\"  class=\"panel-grid-cell\" ><div id=\"panel-3776-3-0-0\" class=\"so-panel widget widget_media_image panel-first-child\" data-index=\"14\" ><a href=\"https:\/\/aeronautica.be\/newsletter-2018-automne\/\"><img loading=\"lazy\" decoding=\"async\" width=\"150\" height=\"150\" src=\"https:\/\/aeronautica.be\/wp-content\/uploads\/2023\/11\/2018Automne-150x150.png\" class=\"image wp-image-3299  attachment-thumbnail size-thumbnail\" alt=\"\" style=\"max-width: 100%; height: auto;\" srcset=\"https:\/\/aeronautica.be\/wp-content\/uploads\/2023\/11\/2018Automne-150x150.png 150w, https:\/\/aeronautica.be\/wp-content\/uploads\/2023\/11\/2018Automne-64x64.png 64w\" sizes=\"auto, (max-width: 150px) 100vw, 150px\" \/><\/a><\/div><div id=\"panel-3776-3-0-1\" class=\"so-panel widget widget_text panel-last-child\" data-index=\"15\" >\t\t\t<div class=\"textwidget\"><h3 style=\"text-align: center; color: #2c2c2c;\"><a href=\"https:\/\/aeronautica.be\/newsletter-2018-automne\/\">Automne 2018<\/a><\/h3>\n<p style=\"text-align: center; color: #2c2c2c; font-size: 1em;\">Retrouvez notre newsletter d&#8217;automne 2018 avec notre pr\u00e9sence dans les salons de l&#8217;emploi et notre bureau d&#8217;\u00e9tude.<\/p>\n<\/div>\n\t\t<\/div><\/div><div id=\"pgc-3776-3-1\"  class=\"panel-grid-cell\" ><div id=\"panel-3776-3-1-0\" class=\"so-panel widget widget_media_image panel-first-child\" data-index=\"16\" ><a href=\"https:\/\/aeronautica.be\/newsletter-ete-2018\/\"><img loading=\"lazy\" decoding=\"async\" width=\"150\" height=\"150\" src=\"https:\/\/aeronautica.be\/wp-content\/uploads\/2023\/11\/ete2018Fin-150x150.png\" class=\"image wp-image-3314  attachment-thumbnail size-thumbnail\" alt=\"\" style=\"max-width: 100%; height: auto;\" srcset=\"https:\/\/aeronautica.be\/wp-content\/uploads\/2023\/11\/ete2018Fin-150x150.png 150w, https:\/\/aeronautica.be\/wp-content\/uploads\/2023\/11\/ete2018Fin-64x64.png 64w\" sizes=\"auto, (max-width: 150px) 100vw, 150px\" \/><\/a><\/div><div id=\"panel-3776-3-1-1\" class=\"so-panel widget widget_text panel-last-child\" data-index=\"17\" >\t\t\t<div class=\"textwidget\"><h3 style=\"text-align: center;\"><a href=\"https:\/\/aeronautica.be\/newsletter-ete-2018\/\">Et\u00e9 2018<\/a><\/h3>\n<p style=\"text-align: center; color: #2c2c2c; font-size: 1em;\">D\u00e9couvrez les avantages des panneaux photovolta\u00efques et notre aventure estival \u00e0 Bruxelles les bains cet \u00e9t\u00e9 2018.<\/p>\n<\/div>\n\t\t<\/div><\/div><div id=\"pgc-3776-3-2\"  class=\"panel-grid-cell\" ><div id=\"panel-3776-3-2-0\" class=\"so-panel widget widget_media_image panel-first-child\" data-index=\"18\" ><a href=\"https:\/\/aeronautica.be\/newsletter-printemps-2018\/\"><img loading=\"lazy\" decoding=\"async\" width=\"150\" height=\"150\" src=\"https:\/\/aeronautica.be\/wp-content\/uploads\/2023\/11\/printemps2018-150x150.png\" class=\"image wp-image-3310  attachment-thumbnail size-thumbnail\" alt=\"\" style=\"max-width: 100%; height: auto;\" srcset=\"https:\/\/aeronautica.be\/wp-content\/uploads\/2023\/11\/printemps2018-150x150.png 150w, https:\/\/aeronautica.be\/wp-content\/uploads\/2023\/11\/printemps2018-64x64.png 64w\" sizes=\"auto, (max-width: 150px) 100vw, 150px\" \/><\/a><\/div><div id=\"panel-3776-3-2-1\" class=\"so-panel widget widget_text panel-last-child\" data-index=\"19\" >\t\t\t<div class=\"textwidget\"><h3 style=\"text-align: center; color: #2c2c2c;\"><a href=\"https:\/\/aeronautica.be\/newsletter-printemps-2018\/\">Printemps 2018<\/a><\/h3>\n<p style=\"text-align: center; color: #2c2c2c; font-size: 1em;\">D\u00e9marrez la saison de printemps 2018 sur notre nouveau site internet et retrouvez-nous dans le JDE de Mons et le Shell Eco Marathon<\/p>\n<\/div>\n\t\t<\/div><\/div><\/div><div id=\"pg-3776-4\"  class=\"panel-grid panel-has-style\" ><div class=\"panel-row-style panel-row-style-for-3776-4\" ><div id=\"pgc-3776-4-0\"  class=\"panel-grid-cell panel-grid-cell-empty\" ><\/div><div id=\"pgc-3776-4-1\"  class=\"panel-grid-cell panel-grid-cell-mobile-last\" ><div id=\"panel-3776-4-1-0\" class=\"so-panel widget widget_sow-button panel-first-child panel-last-child\" data-index=\"20\" ><div\n\t\t\t\n\t\t\tclass=\"so-widget-sow-button so-widget-sow-button-flat-d3f207f2ecf5-3776\"\n\t\t\t\n\t\t><div class=\"ow-button-base ow-button-align-center\"\n>\n\t\t\t<a\n\t\t\t\t\thref=\"https:\/\/aeronautica.be\/blog\/\"\n\t\t\t\t\tclass=\"sowb-button ow-icon-placement-left ow-button-hover\" \t>\n\t\t<span>\n\t\t\t\n\t\t\tRetour sur le blog\t\t<\/span>\n\t\t\t<\/a>\n\t<\/div>\n<\/div><\/div><\/div><div id=\"pgc-3776-4-2\"  class=\"panel-grid-cell panel-grid-cell-empty\" ><\/div><\/div><\/div><div id=\"pg-3776-5\"  class=\"panel-grid panel-no-style\" ><div id=\"pgc-3776-5-0\"  class=\"panel-grid-cell panel-grid-cell-empty\" ><\/div><div id=\"pgc-3776-5-1\"  class=\"panel-grid-cell panel-grid-cell-mobile-last\" ><div id=\"panel-3776-5-1-0\" class=\"so-panel widget widget_text panel-first-child panel-last-child\" data-index=\"21\" >\t\t\t<div class=\"textwidget\"><p style=\"text-align: left; color: #2c2c2c; font-size: 1em;\">Restez \u00e0 l&#8217;aff\u00fbt, car d&#8217;autres newsletters passionnantes et informatives suivront bient\u00f4t. Nous sommes impatients de continuer \u00e0 partager des actualit\u00e9s, des conseils et des insights pertinents avec vous. Restez connect\u00e9 pour ne rien manquer de ce qui se passe chez Aeronautica !<\/p>\n<\/div>\n\t\t<\/div><\/div><div id=\"pgc-3776-5-2\"  class=\"panel-grid-cell panel-grid-cell-empty\" ><\/div><\/div><\/div>","protected":false},"excerpt":{"rendered":"<p>Consultez nos pr\u00e9c\u00e9dentes informations Explorez notre richesse d&#8217;informations \u00e0 travers nos newsletters soigneusement class\u00e9es par date, offrant ainsi une chronologie captivante de nos actualit\u00e9s, \u00e9volutions et r\u00e9ussites au fil du temps. \u00c9t\u00e9 2021 Recrutez sans h\u00e9siter, les opportunit\u00e9s du march\u00e9 de l&#8217;emploi Belge regroup\u00e9 dans un seul article. Printemps 2021 Retrouvez notre newsletter d&#8217;\u00e9t\u00e9 2022,&hellip; <br \/> <a class=\"read-more\" href=\"https:\/\/aeronautica.be\/en\/precedentes-newsletter\/\">Read more<\/a><\/p>\n","protected":false},"author":1,"featured_media":264,"parent":0,"menu_order":0,"comment_status":"closed","ping_status":"closed","template":"","meta":{"footnotes":""},"class_list":["post-3776","page","type-page","status-publish","has-post-thumbnail","hentry"],"translation":{"provider":"WPGlobus","version":"3.0.2","language":"en","enabled_languages":["fr","en","nl"],"languages":{"fr":{"title":true,"content":true,"excerpt":false},"en":{"title":true,"content":false,"excerpt":false},"nl":{"title":true,"content":false,"excerpt":false}}},"_links":{"self":[{"href":"https:\/\/aeronautica.be\/en\/wp-json\/wp\/v2\/pages\/3776","targetHints":{"allow":["GET"]}}],"collection":[{"href":"https:\/\/aeronautica.be\/en\/wp-json\/wp\/v2\/pages"}],"about":[{"href":"https:\/\/aeronautica.be\/en\/wp-json\/wp\/v2\/types\/page"}],"author":[{"embeddable":true,"href":"https:\/\/aeronautica.be\/en\/wp-json\/wp\/v2\/users\/1"}],"replies":[{"embeddable":true,"href":"https:\/\/aeronautica.be\/en\/wp-json\/wp\/v2\/comments?post=3776"}],"version-history":[{"count":19,"href":"https:\/\/aeronautica.be\/en\/wp-json\/wp\/v2\/pages\/3776\/revisions"}],"predecessor-version":[{"id":3876,"href":"https:\/\/aeronautica.be\/en\/wp-json\/wp\/v2\/pages\/3776\/revisions\/3876"}],"wp:featuredmedia":[{"embeddable":true,"href":"https:\/\/aeronautica.be\/en\/wp-json\/wp\/v2\/media\/264"}],"wp:attachment":[{"href":"https:\/\/aeronautica.be\/en\/wp-json\/wp\/v2\/media?parent=3776"}],"curies":[{"name":"wp","href":"https:\/\/api.w.org\/{rel}","templated":true}]}}