{"id":36,"date":"2018-01-24T12:17:52","date_gmt":"2018-01-24T11:17:52","guid":{"rendered":"https:\/\/aeronautica.be\/?page_id=36"},"modified":"2023-12-13T23:31:42","modified_gmt":"2023-12-13T22:31:42","slug":"a-propos","status":"publish","type":"page","link":"https:\/\/aeronautica.be\/en\/a-propos\/","title":{"rendered":"About us"},"content":{"rendered":"<div id=\"pl-36\"  class=\"panel-layout\" ><div id=\"pg-36-0\"  class=\"panel-grid panel-no-style\" ><div id=\"pgc-36-0-0\"  class=\"panel-grid-cell panel-grid-cell-empty\" ><\/div><div id=\"pgc-36-0-1\"  class=\"panel-grid-cell panel-grid-cell-mobile-last\" ><div id=\"panel-36-0-1-0\" class=\"so-panel widget widget_sow-editor panel-first-child\" data-index=\"0\" ><div\n\t\t\t\n\t\t\tclass=\"so-widget-sow-editor so-widget-sow-editor-base\"\n\t\t\t\n\t\t>\n<div class=\"siteorigin-widget-tinymce textwidget\">\n\t<h1 style=\"text-align: center; font-size:2.4em;color:#2C2C2C;\">Plongez au coeur d'Aeronautica<\/h1>\n<hr \/>\n<h2 style=\"font-size:1.6em; text-align:center;color:#2C2C2C;\">D\u00e9couvrez notre histoire<\/h2>\n<\/div>\n<\/div><\/div><div id=\"panel-36-0-1-1\" class=\"so-panel widget widget_sow-editor\" data-index=\"1\" ><div\n\t\t\t\n\t\t\tclass=\"so-widget-sow-editor so-widget-sow-editor-base\"\n\t\t\t\n\t\t>\n<div class=\"siteorigin-widget-tinymce textwidget\">\n\t<p style=\"text-align: justify;\"><span lang=\"FR\" style=\"font-size: 1.1em;\"><span style=\"color: #2C2C2C;\">Fond\u00e9e en <strong>2011<\/strong> par deux ing\u00e9nieurs en a\u00e9ronautique, <strong>AERONAUTICA<\/strong> est une soci\u00e9t\u00e9 de prestation de service Belge qui souhaite constituer une \u00e9quipe d\u2019experts reconnus dans de nombreux domaines industriels \u2013 et plus seulement dans l\u2019a\u00e9ronautique.<br \/>\n<\/span><\/span><\/p>\n<\/div>\n<\/div><\/div><div id=\"panel-36-0-1-2\" class=\"so-panel widget widget_sow-editor\" data-index=\"2\" ><div\n\t\t\t\n\t\t\tclass=\"so-widget-sow-editor so-widget-sow-editor-base\"\n\t\t\t\n\t\t>\n<div class=\"siteorigin-widget-tinymce textwidget\">\n\t<p style=\"text-align: justify;\"><span lang=\"FR\" style=\"font-size: 1.1em;\"><span style=\"color: #2c2c2c;\">Aeronautica a pour vocation de d\u00e9velopper le march\u00e9 industriel Belge. Effectivement, nous souhaitons proposer et maximiser un service de proximit\u00e9 afin de garantir une p\u00e9rennisation avec l\u2019ensemble de nos partenaires tout en garantissant un service de qualit\u00e9.<br \/>\n<\/span><\/span><\/p>\n<\/div>\n<\/div><\/div><div id=\"panel-36-0-1-3\" class=\"so-panel widget widget_sow-editor panel-last-child\" data-index=\"3\" ><div\n\t\t\t\n\t\t\tclass=\"so-widget-sow-editor so-widget-sow-editor-base\"\n\t\t\t\n\t\t>\n<div class=\"siteorigin-widget-tinymce textwidget\">\n\t<p style=\"text-align: justify;\"><span lang=\"FR\" style=\"font-size: 1.1em;\"><span style=\"color: #2c2c2c;\">L\u2019objectif principal d\u2019<strong>Aeronautica<\/strong> est d\u2019\u00e9tablir une relation de confiance et de respect avec ses clients et ses collaborateurs. Dans cette optique, nous s\u00e9lectionnons les meilleurs profils de l'ing\u00e9nierie, du management technique, du dessin technique entre autre.<br \/>\n<\/span><\/span><\/p>\n<p style=\"text-align: justify;\"><span lang=\"FR\" style=\"font-size: 1.1em;\"><span style=\"color: #2c2c2c;\">L\u2019ambition d\u2019<strong>Aeronautica<\/strong> est de proposer \u00e0 nos consultants les missions \u00e0 la hauteur de leurs comp\u00e9tences, de d\u00e9velopper ensemble leurs projets professionnels futurs et de maintenir une relation de proximit\u00e9. Ceci tout en garantissant la satisfaction de nos clients pour des collaborations toujours plus avant-gardistes.<\/span><\/span><\/p>\n<\/div>\n<\/div><\/div><\/div><div id=\"pgc-36-0-2\"  class=\"panel-grid-cell panel-grid-cell-empty\" ><\/div><\/div><div id=\"pg-36-1\"  class=\"panel-grid panel-has-style\" ><div class=\"siteorigin-panels-stretch panel-row-style panel-row-style-for-36-1\" data-stretch-type=\"full\" ><div id=\"pgc-36-1-0\"  class=\"panel-grid-cell panel-grid-cell-empty\" ><\/div><div id=\"pgc-36-1-1\"  class=\"panel-grid-cell panel-grid-cell-mobile-last\" ><div id=\"panel-36-1-1-0\" class=\"so-panel widget widget_sow-editor panel-first-child\" data-index=\"4\" ><div\n\t\t\t\n\t\t\tclass=\"so-widget-sow-editor so-widget-sow-editor-base\"\n\t\t\t\n\t\t>\n<div class=\"siteorigin-widget-tinymce textwidget\">\n\t<h2 style=\"text-align: center; font-size: 2em; color: white;\">ENTAMEZ UNE CAMPAGNE DE RECRUTEMENT AVEC L'ESPRIT TRANQUILLE<\/h2>\n<\/div>\n<\/div><\/div><div id=\"panel-36-1-1-1\" class=\"so-panel widget widget_sow-button panel-last-child\" data-index=\"5\" ><div\n\t\t\t\n\t\t\tclass=\"so-widget-sow-button so-widget-sow-button-flat-20b895ec3943-36\"\n\t\t\t\n\t\t><div class=\"ow-button-base ow-button-align-center\"\n>\n\t\t\t<a\n\t\t\t\t\thref=\"tel:+32470055158\"\n\t\t\t\t\tclass=\"sowb-button ow-icon-placement-left ow-button-hover\" \t>\n\t\t<span>\n\t\t\t<span class=\"sow-icon-fontawesome sow-fas\" data-sow-icon=\"&#xf2a0;\"\n\t\tstyle=\"\" \n\t\taria-hidden=\"true\"><\/span>\n\t\t\tContactez-Nous\t\t<\/span>\n\t\t\t<\/a>\n\t<\/div>\n<\/div><\/div><\/div><div id=\"pgc-36-1-2\"  class=\"panel-grid-cell panel-grid-cell-empty\" ><\/div><\/div><\/div><div id=\"pg-36-2\"  class=\"panel-grid panel-no-style\" ><div id=\"pgc-36-2-0\"  class=\"panel-grid-cell panel-grid-cell-empty\" ><\/div><div id=\"pgc-36-2-1\"  class=\"panel-grid-cell panel-grid-cell-mobile-last\" ><div id=\"panel-36-2-1-0\" class=\"so-panel widget widget_sow-editor panel-first-child\" data-index=\"6\" ><div class=\"panel-widget-style panel-widget-style-for-36-2-1-0\" ><div\n\t\t\t\n\t\t\tclass=\"so-widget-sow-editor so-widget-sow-editor-base\"\n\t\t\t\n\t\t>\n<div class=\"siteorigin-widget-tinymce textwidget\">\n\t<h1>\u00a0<\/h1>\n<h1 style=\"text-align: center; font-family: helvetica, arial, sans-serif; font-size:2.4em;\"><span style=\"color: #2C2C2C;\">Bureau d'\u00e9tudes \/ Consultance<\/span><\/h1>\n<hr \/>\n<\/div>\n<\/div><\/div><\/div><div id=\"panel-36-2-1-1\" class=\"so-panel widget widget_sow-editor panel-last-child\" data-index=\"7\" ><div\n\t\t\t\n\t\t\tclass=\"so-widget-sow-editor so-widget-sow-editor-base\"\n\t\t\t\n\t\t>\n<div class=\"siteorigin-widget-tinymce textwidget\">\n\t<p style=\"text-align: left;\"><span lang=\"FR\" style=\"color: #2C2C2C; font-size: 1.1em;\"><span>Nos consultants experts dans diff\u00e9rents domaines de l'ing\u00e9nierie, accompagnent les entreprises dans leur processus de d\u00e9veloppement des nouvelles technologies et des projets R&amp;D. <\/span><\/span><\/p>\n<p style=\"text-align: left;\"><span lang=\"FR\" style=\"color: #2C2C2C; font-size: 1.1em;\"><span> Nous disposons d\u2019un bureau d\u2019\u00e9tudes r\u00e9pondant aux exigences d\u2019un cahier des charges fourni par des PME, dans les domaines du design, de l\u2019ing\u00e9nierie et de la simulation num\u00e9riques en m\u00e9canique des fluides et structure.<\/span><\/span><\/p>\n<p style=\"text-align: left;\"><span lang=\"FR\" style=\"color: #2C2C2C; font-size: 1.1em;\"><span> Si vous avez besoin d\u2019un soutien \u00ab expert \u00bb dans l\u2019un de ces domaines pour un projet ponctuel, nous sommes l\u00e0 pour r\u00e9pondre \u00e0 vos attentes.<\/span><\/span><\/p>\n<\/div>\n<\/div><\/div><\/div><div id=\"pgc-36-2-2\"  class=\"panel-grid-cell panel-grid-cell-empty\" ><\/div><\/div><\/div>","protected":false},"excerpt":{"rendered":"<p>Plongez au coeur d&#8217;Aeronautica D\u00e9couvrez notre histoire Fond\u00e9e en 2011 par deux ing\u00e9nieurs en a\u00e9ronautique, AERONAUTICA est une soci\u00e9t\u00e9 de prestation de service Belge qui souhaite constituer une \u00e9quipe d\u2019experts reconnus dans de nombreux domaines industriels \u2013 et plus seulement dans l\u2019a\u00e9ronautique. Aeronautica a pour vocation de d\u00e9velopper le march\u00e9 industriel Belge. Effectivement, nous souhaitons&hellip; <br \/> <a class=\"read-more\" href=\"https:\/\/aeronautica.be\/en\/a-propos\/\">Read more<\/a><\/p>\n","protected":false},"author":1,"featured_media":240,"parent":0,"menu_order":0,"comment_status":"closed","ping_status":"closed","template":"","meta":{"footnotes":""},"class_list":["post-36","page","type-page","status-publish","has-post-thumbnail","hentry"],"translation":{"provider":"WPGlobus","version":"3.0.2","language":"en","enabled_languages":["fr","en","nl"],"languages":{"fr":{"title":true,"content":true,"excerpt":false},"en":{"title":true,"content":false,"excerpt":false},"nl":{"title":true,"content":false,"excerpt":false}}},"_links":{"self":[{"href":"https:\/\/aeronautica.be\/en\/wp-json\/wp\/v2\/pages\/36","targetHints":{"allow":["GET"]}}],"collection":[{"href":"https:\/\/aeronautica.be\/en\/wp-json\/wp\/v2\/pages"}],"about":[{"href":"https:\/\/aeronautica.be\/en\/wp-json\/wp\/v2\/types\/page"}],"author":[{"embeddable":true,"href":"https:\/\/aeronautica.be\/en\/wp-json\/wp\/v2\/users\/1"}],"replies":[{"embeddable":true,"href":"https:\/\/aeronautica.be\/en\/wp-json\/wp\/v2\/comments?post=36"}],"version-history":[{"count":259,"href":"https:\/\/aeronautica.be\/en\/wp-json\/wp\/v2\/pages\/36\/revisions"}],"predecessor-version":[{"id":3770,"href":"https:\/\/aeronautica.be\/en\/wp-json\/wp\/v2\/pages\/36\/revisions\/3770"}],"wp:featuredmedia":[{"embeddable":true,"href":"https:\/\/aeronautica.be\/en\/wp-json\/wp\/v2\/media\/240"}],"wp:attachment":[{"href":"https:\/\/aeronautica.be\/en\/wp-json\/wp\/v2\/media?parent=36"}],"curies":[{"name":"wp","href":"https:\/\/api.w.org\/{rel}","templated":true}]}}